{"id":1099,"date":"2023-08-14T12:40:19","date_gmt":"2023-08-14T05:40:19","guid":{"rendered":"https:\/\/digloteach.com\/?page_id=1099"},"modified":"2023-10-27T05:03:49","modified_gmt":"2023-10-26T22:03:49","slug":"pricing","status":"publish","type":"page","link":"https:\/\/digloteach.com\/vi\/hoc-phi\/","title":{"rendered":"H\u1ecdc ph\u00ed"},"content":{"rendered":"<div class='breakdance'><section class=\"bde-section-1099-100 bde-section\">\n  \n  \n\t\n\n\n\n<div class=\"section-container\"><h1 class=\"bde-heading-1099-101 bde-heading\">Pricing<\/h1><div class=\"bde-rich-text-1099-226 bde-rich-text breakdance-rich-text-styles\">\n<p>Please note that this pricing applies to learning with highly qualified native English teachers from countries such as England, the United States, and Australia. As a result, the rates will vary from those of less experienced or non-native tutors. <br><a target=\"_self\" href=\"https:\/\/digloteach.com\/ielts\/\">To book our IELTS courses, please click here.<\/a><\/p>\n<\/div><\/div>\n<\/section><section class=\"bde-section-1099-311 bde-section\">\n  \n  \n\t\n\n\n\n<div class=\"section-container\"><h2 class=\"bde-heading-1099-228 bde-heading\">\nPackages\n<\/h2><div id=\"dig_pack-grid\" class=\"bde-shortcode-1099-313 bde-shortcode\">\n<script>\n  if (typeof hasAmeliaEntitiesApiCall === 'undefined' && ('' === '' && '' !== '1')) {\n    var hasAmeliaEntitiesApiCall = true;\n  }\n  var ameliaShortcodeData = (typeof ameliaShortcodeData === 'undefined') ? [] : ameliaShortcodeData;\n  ameliaShortcodeData.push(\n    {\n      'hasApiCall': (typeof hasAmeliaEntitiesApiCall !== 'undefined') && hasAmeliaEntitiesApiCall,\n      'trigger': '',\n      'trigger_type': '',\n      'triggered_form': 'cbf',\n      'in_dialog': '',\n      'show': 'packages',\n      'counter': '1000',\n      'package': '',\n      'category': '1',\n      'service': '',\n      'employee': '',\n      'location': '',\n      'categories_hidden': ''\n    }\n  );\n  var ameliaShortcodeDataTriggered = (typeof ameliaShortcodeDataTriggered === 'undefined') ? [] : ameliaShortcodeDataTriggered;\n  if (ameliaShortcodeData[ameliaShortcodeData.length - 1].trigger !== '') {\n    if (ameliaShortcodeDataTriggered.filter(a => a.counter === ameliaShortcodeData[ameliaShortcodeData.length - 1].counter).length === 0) {\n      ameliaShortcodeDataTriggered.push(ameliaShortcodeData.pop());\n    } else {\n      ameliaShortcodeData.pop()\n    }\n  }\n  if (typeof hasAmeliaEntitiesApiCall !== 'undefined' && hasAmeliaEntitiesApiCall) {\n    hasAmeliaEntitiesApiCall = false;\n  }\n<\/script>\n\n<div\n  id=\"amelia-v2-booking-1000\"\n  class=\"amelia-v2-booking\"\n>\n    <catalog-form-wrapper><\/catalog-form-wrapper><\/div>\n <\/div><\/div>\n<\/section><section class=\"bde-section-1099-312 bde-section\">\n  \n  \n\t\n\n\n\n<div class=\"section-container\"><h2 class=\"bde-heading-1099-227 bde-heading\">\nLessons\n<\/h2><div id=\"dig_pack-grid\" class=\"bde-shortcode-1099-314 bde-shortcode\">\n<script>\n  if (typeof hasAmeliaEntitiesApiCall === 'undefined' && ('' === '' && '' !== '1')) {\n    var hasAmeliaEntitiesApiCall = true;\n  }\n  var ameliaShortcodeData = (typeof ameliaShortcodeData === 'undefined') ? [] : ameliaShortcodeData;\n  ameliaShortcodeData.push(\n    {\n      'hasApiCall': (typeof hasAmeliaEntitiesApiCall !== 'undefined') && hasAmeliaEntitiesApiCall,\n      'trigger': '',\n      'trigger_type': '',\n      'triggered_form': 'cbf',\n      'in_dialog': '',\n      'show': 'services',\n      'counter': '1001',\n      'package': '',\n      'category': '1',\n      'service': '',\n      'employee': '',\n      'location': '',\n      'categories_hidden': ''\n    }\n  );\n  var ameliaShortcodeDataTriggered = (typeof ameliaShortcodeDataTriggered === 'undefined') ? [] : ameliaShortcodeDataTriggered;\n  if (ameliaShortcodeData[ameliaShortcodeData.length - 1].trigger !== '') {\n    if (ameliaShortcodeDataTriggered.filter(a => a.counter === ameliaShortcodeData[ameliaShortcodeData.length - 1].counter).length === 0) {\n      ameliaShortcodeDataTriggered.push(ameliaShortcodeData.pop());\n    } else {\n      ameliaShortcodeData.pop()\n    }\n  }\n  if (typeof hasAmeliaEntitiesApiCall !== 'undefined' && hasAmeliaEntitiesApiCall) {\n    hasAmeliaEntitiesApiCall = false;\n  }\n<\/script>\n\n<div\n  id=\"amelia-v2-booking-1001\"\n  class=\"amelia-v2-booking\"\n>\n    <catalog-form-wrapper><\/catalog-form-wrapper><\/div>\n <\/div><\/div>\n<\/section><\/div>","protected":false},"excerpt":{"rendered":"<p>Gi\u00e1 c\u1ea3 Xin l\u01b0u \u00fd r\u1eb1ng gi\u00e1 n\u00e0y \u00e1p d\u1ee5ng cho vi\u1ec7c h\u1ecdc v\u1edbi gi\u00e1o vi\u00ean ti\u1ebfng Anh b\u1ea3n x\u1ee9 c\u00f3 tr\u00ecnh \u0111\u1ed9 cao t\u1eeb c\u00e1c qu\u1ed1c gia nh\u01b0 Anh, Hoa K\u1ef3 v\u00e0 \u00dac. Do \u0111\u00f3, m\u1ee9c gi\u00e1 s\u1ebd kh\u00e1c v\u1edbi m\u1ee9c gi\u00e1 c\u1ee7a nh\u1eefng gia s\u01b0 \u00edt kinh nghi\u1ec7m h\u01a1n ho\u1eb7c kh\u00f4ng ph\u1ea3i ng\u01b0\u1eddi b\u1ea3n x\u1ee9. \u0110\u1ec3 \u0111\u0103ng k\u00fd c\u00e1c kh\u00f3a h\u1ecdc IELTS c\u1ee7a ch\u00fang t\u00f4i, vui l\u00f2ng nh\u1ea5p v\u00e0o \u0111\u00e2y. G\u00f3i b\u00e0i h\u1ecdc<\/p>","protected":false},"author":2,"featured_media":0,"parent":0,"menu_order":0,"comment_status":"closed","ping_status":"closed","template":"","meta":{"_acf_changed":false,"_breakdance_hide_in_design_set":false,"_breakdance_tags":"","footnotes":""},"class_list":["post-1099","page","type-page","status-publish","hentry"],"acf":[],"yoast_head":"<!-- This site is optimized with the Yoast SEO plugin v26.9 - https:\/\/yoast.com\/product\/yoast-seo-wordpress\/ -->\n<title>Pricing - Diglo Teach<\/title>\n<meta name=\"robots\" content=\"index, follow, max-snippet:-1, max-image-preview:large, max-video-preview:-1\" \/>\n<link rel=\"canonical\" href=\"https:\/\/digloteach.com\/vi\/hoc-phi\/\" \/>\n<meta property=\"og:locale\" content=\"vi_VN\" \/>\n<meta property=\"og:type\" content=\"article\" \/>\n<meta property=\"og:title\" content=\"Pricing - Diglo Teach\" \/>\n<meta property=\"og:description\" content=\"Pricing Please note that this pricing applies to learning with highly qualified native English teachers from countries such as England, the United States, and Australia. As a result, the rates will vary from those of less experienced or non-native tutors. To book our IELTS courses, please click here. Packages Lessons\" \/>\n<meta property=\"og:url\" content=\"https:\/\/digloteach.com\/vi\/hoc-phi\/\" \/>\n<meta property=\"og:site_name\" content=\"Diglo Teach\" \/>\n<meta property=\"article:publisher\" content=\"https:\/\/www.facebook.com\/profile.php?id=100092937623862\" \/>\n<meta property=\"article:modified_time\" content=\"2023-10-26T22:03:49+00:00\" \/>\n<meta name=\"twitter:card\" content=\"summary_large_image\" \/>\n<script type=\"application\/ld+json\" class=\"yoast-schema-graph\">{\"@context\":\"https:\/\/schema.org\",\"@graph\":[{\"@type\":\"WebPage\",\"@id\":\"https:\/\/digloteach.com\/pricing\/\",\"url\":\"https:\/\/digloteach.com\/pricing\/\",\"name\":\"Pricing - Diglo Teach\",\"isPartOf\":{\"@id\":\"https:\/\/digloteach.com\/#website\"},\"datePublished\":\"2023-08-14T05:40:19+00:00\",\"dateModified\":\"2023-10-26T22:03:49+00:00\",\"breadcrumb\":{\"@id\":\"https:\/\/digloteach.com\/pricing\/#breadcrumb\"},\"inLanguage\":\"vi\",\"potentialAction\":[{\"@type\":\"ReadAction\",\"target\":[\"https:\/\/digloteach.com\/pricing\/\"]}]},{\"@type\":\"BreadcrumbList\",\"@id\":\"https:\/\/digloteach.com\/pricing\/#breadcrumb\",\"itemListElement\":[{\"@type\":\"ListItem\",\"position\":1,\"name\":\"Home\",\"item\":\"https:\/\/digloteach.com\/\"},{\"@type\":\"ListItem\",\"position\":2,\"name\":\"Pricing\"}]},{\"@type\":\"WebSite\",\"@id\":\"https:\/\/digloteach.com\/#website\",\"url\":\"https:\/\/digloteach.com\/\",\"name\":\"Diglo Teach\",\"description\":\"Where Learning Meets Adventure\",\"publisher\":{\"@id\":\"https:\/\/digloteach.com\/#organization\"},\"potentialAction\":[{\"@type\":\"SearchAction\",\"target\":{\"@type\":\"EntryPoint\",\"urlTemplate\":\"https:\/\/digloteach.com\/?s={search_term_string}\"},\"query-input\":{\"@type\":\"PropertyValueSpecification\",\"valueRequired\":true,\"valueName\":\"search_term_string\"}}],\"inLanguage\":\"vi\"},{\"@type\":\"Organization\",\"@id\":\"https:\/\/digloteach.com\/#organization\",\"name\":\"Diglo Teach\",\"url\":\"https:\/\/digloteach.com\/\",\"logo\":{\"@type\":\"ImageObject\",\"inLanguage\":\"vi\",\"@id\":\"https:\/\/digloteach.com\/#\/schema\/logo\/image\/\",\"url\":\"https:\/\/digloteach.com\/wp-content\/uploads\/2023\/06\/diglo_logo.png\",\"contentUrl\":\"https:\/\/digloteach.com\/wp-content\/uploads\/2023\/06\/diglo_logo.png\",\"width\":343,\"height\":157,\"caption\":\"Diglo Teach\"},\"image\":{\"@id\":\"https:\/\/digloteach.com\/#\/schema\/logo\/image\/\"},\"sameAs\":[\"https:\/\/www.facebook.com\/profile.php?id=100092937623862\",\"https:\/\/www.instagram.com\/digloteach\/\",\"https:\/\/www.tiktok.com\/@digloteach\"]}]}<\/script>\n<!-- \/ Yoast SEO plugin. -->","yoast_head_json":{"title":"H\u1ecdc ph\u00ed - DigloTeach","robots":{"index":"index","follow":"follow","max-snippet":"max-snippet:-1","max-image-preview":"max-image-preview:large","max-video-preview":"max-video-preview:-1"},"canonical":"https:\/\/digloteach.com\/vi\/hoc-phi\/","og_locale":"vi_VN","og_type":"article","og_title":"Pricing - Diglo Teach","og_description":"Pricing Please note that this pricing applies to learning with highly qualified native English teachers from countries such as England, the United States, and Australia. As a result, the rates will vary from those of less experienced or non-native tutors. To book our IELTS courses, please click here. Packages Lessons","og_url":"https:\/\/digloteach.com\/vi\/hoc-phi\/","og_site_name":"Diglo Teach","article_publisher":"https:\/\/www.facebook.com\/profile.php?id=100092937623862","article_modified_time":"2023-10-26T22:03:49+00:00","twitter_card":"summary_large_image","schema":{"@context":"https:\/\/schema.org","@graph":[{"@type":"WebPage","@id":"https:\/\/digloteach.com\/pricing\/","url":"https:\/\/digloteach.com\/pricing\/","name":"H\u1ecdc ph\u00ed - DigloTeach","isPartOf":{"@id":"https:\/\/digloteach.com\/#website"},"datePublished":"2023-08-14T05:40:19+00:00","dateModified":"2023-10-26T22:03:49+00:00","breadcrumb":{"@id":"https:\/\/digloteach.com\/pricing\/#breadcrumb"},"inLanguage":"vi","potentialAction":[{"@type":"ReadAction","target":["https:\/\/digloteach.com\/pricing\/"]}]},{"@type":"BreadcrumbList","@id":"https:\/\/digloteach.com\/pricing\/#breadcrumb","itemListElement":[{"@type":"ListItem","position":1,"name":"Home","item":"https:\/\/digloteach.com\/"},{"@type":"ListItem","position":2,"name":"Pricing"}]},{"@type":"WebSite","@id":"https:\/\/digloteach.com\/#website","url":"https:\/\/digloteach.com\/","name":"\u0110\u00e0o t\u1ea1o Diglo","description":"N\u01a1i h\u1ecdc t\u1eadp \u0111\u00e1p \u1ee9ng cu\u1ed9c phi\u00eau l\u01b0u","publisher":{"@id":"https:\/\/digloteach.com\/#organization"},"potentialAction":[{"@type":"SearchAction","target":{"@type":"EntryPoint","urlTemplate":"https:\/\/digloteach.com\/?s={search_term_string}"},"query-input":{"@type":"PropertyValueSpecification","valueRequired":true,"valueName":"search_term_string"}}],"inLanguage":"vi"},{"@type":"Organization","@id":"https:\/\/digloteach.com\/#organization","name":"\u0110\u00e0o t\u1ea1o Diglo","url":"https:\/\/digloteach.com\/","logo":{"@type":"ImageObject","inLanguage":"vi","@id":"https:\/\/digloteach.com\/#\/schema\/logo\/image\/","url":"https:\/\/digloteach.com\/wp-content\/uploads\/2023\/06\/diglo_logo.png","contentUrl":"https:\/\/digloteach.com\/wp-content\/uploads\/2023\/06\/diglo_logo.png","width":343,"height":157,"caption":"Diglo Teach"},"image":{"@id":"https:\/\/digloteach.com\/#\/schema\/logo\/image\/"},"sameAs":["https:\/\/www.facebook.com\/profile.php?id=100092937623862","https:\/\/www.instagram.com\/digloteach\/","https:\/\/www.tiktok.com\/@digloteach"]}]}},"_links":{"self":[{"href":"https:\/\/digloteach.com\/vi\/wp-json\/wp\/v2\/pages\/1099","targetHints":{"allow":["GET"]}}],"collection":[{"href":"https:\/\/digloteach.com\/vi\/wp-json\/wp\/v2\/pages"}],"about":[{"href":"https:\/\/digloteach.com\/vi\/wp-json\/wp\/v2\/types\/page"}],"author":[{"embeddable":true,"href":"https:\/\/digloteach.com\/vi\/wp-json\/wp\/v2\/users\/2"}],"replies":[{"embeddable":true,"href":"https:\/\/digloteach.com\/vi\/wp-json\/wp\/v2\/comments?post=1099"}],"version-history":[{"count":29,"href":"https:\/\/digloteach.com\/vi\/wp-json\/wp\/v2\/pages\/1099\/revisions"}],"predecessor-version":[{"id":1492,"href":"https:\/\/digloteach.com\/vi\/wp-json\/wp\/v2\/pages\/1099\/revisions\/1492"}],"wp:attachment":[{"href":"https:\/\/digloteach.com\/vi\/wp-json\/wp\/v2\/media?parent=1099"}],"curies":[{"name":"wp","href":"https:\/\/api.w.org\/{rel}","templated":true}]}}