{"id":3,"date":"2023-05-30T22:14:45","date_gmt":"2023-05-30T22:14:45","guid":{"rendered":"http:\/\/diglo.allteams.dev\/?page_id=3"},"modified":"2023-07-07T11:16:00","modified_gmt":"2023-07-06T23:16:00","slug":"privacy-policy","status":"publish","type":"page","link":"https:\/\/digloteach.com\/vi\/chinh-sach-bao-mat\/","title":{"rendered":"Ch\u00ednh s\u00e1ch b\u1ea3o m\u1eadt"},"content":{"rendered":"<div class='breakdance'><section class=\"bde-section-3-100 bde-section\">\n  \n  \n\t\n\n\n\n        <div class=\"section-shape-divider-wrapper section-shape-divider-wrapper--1\">\n          <span class=\"section-shape-divider\">\n                      <svg\n                xmlns=\"http:\/\/www.w3.org\/2000\/svg\"\n                viewbox=\"0 0 1440 320\"\n                preserveaspectratio=\"none\"\n            >\n              <path d=\"m1440 176-218.331 87.333c-87.89 35.156-187.784 21.62-263.149-35.657l-116.67-88.67c-72.014-54.731-171.686-54.731-243.7 0l-116.67 88.67c-75.365 57.277-175.258 70.813-263.149 35.657L0 176v144h1440V176Z\" fill=\"currentColor\"\/>\n            <\/svg>\n                    <\/span>\n      <\/div>\n  <div class=\"section-container\"><div class=\"bde-div-3-101 bde-div\">\n  \n  \n\t\n\n\n\n<div id=\"faq-red-zigzag\" class=\"bde-image-3-102 bde-image\">\n<figure class=\"breakdance-image breakdance-image--264\">\n\t<div class=\"breakdance-image-container\">\n\t\t<div class=\"breakdance-image-clip\"><img loading=\"lazy\" decoding=\"async\" class=\"breakdance-image-object\" src=\"https:\/\/digloteach.com\/wp-content\/uploads\/2023\/06\/zigzag-red@4x.png\" width=\"214\" height=\"98\" sizes=\"auto, (max-width: 214px) 100vw, 214px\"><\/div>\n\t<\/div><\/figure>\n\n<\/div><div id=\"faq-red-zigzag\" class=\"bde-image-3-103 bde-image\">\n<figure class=\"breakdance-image breakdance-image--266\">\n\t<div class=\"breakdance-image-container\">\n\t\t<div class=\"breakdance-image-clip\"><img loading=\"lazy\" decoding=\"async\" class=\"breakdance-image-object\" src=\"https:\/\/digloteach.com\/wp-content\/uploads\/2023\/06\/red-zigzag-horiz.png\" width=\"230\" height=\"172\" sizes=\"auto, (max-width: 230px) 100vw, 230px\"><\/div>\n\t<\/div><\/figure>\n\n<\/div><div id=\"faq-red-zigzag\" class=\"bde-image-3-104 bde-image\">\n<figure class=\"breakdance-image breakdance-image--266\">\n\t<div class=\"breakdance-image-container\">\n\t\t<div class=\"breakdance-image-clip\"><img loading=\"lazy\" decoding=\"async\" class=\"breakdance-image-object\" src=\"https:\/\/digloteach.com\/wp-content\/uploads\/2023\/06\/red-zigzag-horiz.png\" width=\"230\" height=\"172\" sizes=\"auto, (max-width: 230px) 100vw, 230px\"><\/div>\n\t<\/div><\/figure>\n\n<\/div><div id=\"faq-red-zigzag\" class=\"bde-image-3-105 bde-image\">\n<figure class=\"breakdance-image breakdance-image--258\">\n\t<div class=\"breakdance-image-container\">\n\t\t<div class=\"breakdance-image-clip\"><img loading=\"lazy\" decoding=\"async\" class=\"breakdance-image-object\" src=\"https:\/\/digloteach.com\/wp-content\/uploads\/2023\/06\/Asset-4@4x-1.png\" width=\"151\" height=\"151\" sizes=\"auto, (max-width: 151px) 100vw, 151px\"><\/div>\n\t<\/div><\/figure>\n\n<\/div>\n<\/div><h1 class=\"bde-heading-3-106 bde-heading\">\nCh\u00ednh s\u00e1ch b\u1ea3o m\u1eadt\n<\/h1><div class=\"bde-rich-text-3-108 bde-rich-text breakdance-rich-text-styles\">\n<h3>Ch\u00fang ta l\u00e0 ai<\/h3><p>\u0110\u1ecba ch\u1ec9 trang web c\u1ee7a ch\u00fang t\u00f4i l\u00e0: <a href=\"https:\/\/digloteach.com\/vi\/\">https:\/\/digloteach.com<\/a>.<\/p><h3>Th\u00f4ng tin ch\u00fang t\u00f4i thu th\u1eadp<\/h3><p>Khi b\u1ea1n truy c\u1eadp Trang web, ch\u00fang t\u00f4i s\u1ebd t\u1ef1 \u0111\u1ed9ng thu th\u1eadp m\u1ed9t s\u1ed1 th\u00f4ng tin nh\u1ea5t \u0111\u1ecbnh v\u1ec1 thi\u1ebft b\u1ecb c\u1ee7a b\u1ea1n, bao g\u1ed3m th\u00f4ng tin v\u1ec1 tr\u00ecnh duy\u1ec7t web, \u0111\u1ecba ch\u1ec9 IP, m\u00fai gi\u1edd v\u00e0 m\u1ed9t s\u1ed1 cookie \u0111\u01b0\u1ee3c c\u00e0i \u0111\u1eb7t tr\u00ean thi\u1ebft b\u1ecb c\u1ee7a b\u1ea1n. Ngo\u00e0i ra, khi b\u1ea1n duy\u1ec7t Trang web, ch\u00fang t\u00f4i thu th\u1eadp th\u00f4ng tin v\u1ec1 c\u00e1c trang web ho\u1eb7c s\u1ea3n ph\u1ea9m ri\u00eang l\u1ebb m\u00e0 b\u1ea1n xem, trang web ho\u1eb7c c\u1ee5m t\u1eeb t\u00ecm ki\u1ebfm n\u00e0o \u0111\u00e3 gi\u1edbi thi\u1ec7u b\u1ea1n \u0111\u1ebfn Trang web v\u00e0 th\u00f4ng tin v\u1ec1 c\u00e1ch b\u1ea1n t\u01b0\u01a1ng t\u00e1c v\u1edbi Trang web. Ch\u00fang t\u00f4i g\u1ecdi th\u00f4ng tin \u0111\u01b0\u1ee3c thu th\u1eadp t\u1ef1 \u0111\u1ed9ng n\u00e0y l\u00e0 \u201cTh\u00f4ng tin thi\u1ebft b\u1ecb\u201d.<\/p><h3>Ch\u00fang t\u00f4i thu th\u1eadp th\u00f4ng tin thi\u1ebft b\u1ecb b\u1eb1ng c\u00e1c c\u00f4ng ngh\u1ec7 sau:<\/h3><p>\u201cCookie\u201d l\u00e0 c\u00e1c t\u1ec7p d\u1eef li\u1ec7u \u0111\u01b0\u1ee3c \u0111\u1eb7t tr\u00ean thi\u1ebft b\u1ecb ho\u1eb7c m\u00e1y t\u00ednh c\u1ee7a b\u1ea1n v\u00e0 th\u01b0\u1eddng bao g\u1ed3m m\u1ed9t m\u00e3 \u0111\u1ecbnh danh duy nh\u1ea5t \u1ea9n danh. \u0110\u1ec3 bi\u1ebft th\u00eam th\u00f4ng tin v\u1ec1 cookie v\u00e0 c\u00e1ch t\u1eaft cookie, h\u00e3y truy c\u1eadp <a href=\"http:\/\/www.allaboutcookies.org\">http:\/\/www.allaboutcookies.org<\/a>.<\/p><p>\u201cT\u1ec7p nh\u1eadt k\u00fd\u201d theo d\u00f5i c\u00e1c h\u00e0nh \u0111\u1ed9ng x\u1ea3y ra tr\u00ean Trang web v\u00e0 thu th\u1eadp d\u1eef li\u1ec7u bao g\u1ed3m \u0111\u1ecba ch\u1ec9 IP, lo\u1ea1i tr\u00ecnh duy\u1ec7t, nh\u00e0 cung c\u1ea5p d\u1ecbch v\u1ee5 Internet, trang gi\u1edbi thi\u1ec7u\/tho\u00e1t v\u00e0 d\u1ea5u ng\u00e0y\/gi\u1edd.<\/p><p>\u201c\u0110\u00e8n hi\u1ec7u web\u201d, \u201cth\u1ebb\u201d v\u00e0 \u201cpixel\u201d l\u00e0 c\u00e1c t\u1ec7p \u0111i\u1ec7n t\u1eed \u0111\u01b0\u1ee3c s\u1eed d\u1ee5ng \u0111\u1ec3 ghi l\u1ea1i th\u00f4ng tin v\u1ec1 c\u00e1ch b\u1ea1n duy\u1ec7t Trang web.<\/p><p>Ngo\u00e0i ra, khi b\u1ea1n mua h\u00e0ng ho\u1eb7c c\u1ed1 g\u1eafng mua h\u00e0ng qua Trang web, ch\u00fang t\u00f4i s\u1ebd thu th\u1eadp m\u1ed9t s\u1ed1 th\u00f4ng tin nh\u1ea5t \u0111\u1ecbnh t\u1eeb b\u1ea1n, bao g\u1ed3m t\u00ean, \u0111\u1ecba ch\u1ec9 thanh to\u00e1n, \u0111\u1ecba ch\u1ec9 giao h\u00e0ng, th\u00f4ng tin thanh to\u00e1n, \u0111\u1ecba ch\u1ec9 email v\u00e0 s\u1ed1 \u0111i\u1ec7n tho\u1ea1i. Ch\u00fang t\u00f4i g\u1ecdi th\u00f4ng tin n\u00e0y l\u00e0 \u201cTh\u00f4ng tin \u0111\u1eb7t h\u00e0ng\u201d.<\/p><p>Khi ch\u00fang t\u00f4i n\u00f3i v\u1ec1 \u201cTh\u00f4ng tin c\u00e1 nh\u00e2n\u201d trong Ch\u00ednh s\u00e1ch quy\u1ec1n ri\u00eang t\u01b0 n\u00e0y, ch\u00fang t\u00f4i \u0111ang n\u00f3i v\u1ec1 c\u1ea3 Th\u00f4ng tin thi\u1ebft b\u1ecb v\u00e0 Th\u00f4ng tin \u0111\u1eb7t h\u00e0ng.<\/p><h3>B\u00e1nh quy<\/h3><p>N\u1ebfu b\u1ea1n \u0111\u1ec3 l\u1ea1i nh\u1eadn x\u00e9t tr\u00ean trang web c\u1ee7a ch\u00fang t\u00f4i, b\u1ea1n c\u00f3 th\u1ec3 ch\u1ecdn l\u01b0u t\u00ean, \u0111\u1ecba ch\u1ec9 email v\u00e0 trang web c\u1ee7a m\u00ecnh v\u00e0o cookie. \u0110\u00e2y l\u00e0 nh\u1eefng \u0111i\u1ec1u thu\u1eadn ti\u1ec7n cho b\u1ea1n \u0111\u1ec3 b\u1ea1n kh\u00f4ng ph\u1ea3i \u0111i\u1ec1n l\u1ea1i th\u00f4ng tin chi ti\u1ebft c\u1ee7a m\u00ecnh khi b\u1ea1n \u0111\u1ec3 l\u1ea1i nh\u1eadn x\u00e9t kh\u00e1c. Nh\u1eefng cookie n\u00e0y s\u1ebd t\u1ed3n t\u1ea1i trong m\u1ed9t n\u0103m.<\/p><p>N\u1ebfu b\u1ea1n truy c\u1eadp trang \u0111\u0103ng nh\u1eadp c\u1ee7a ch\u00fang t\u00f4i, ch\u00fang t\u00f4i s\u1ebd \u0111\u1eb7t cookie t\u1ea1m th\u1eddi \u0111\u1ec3 x\u00e1c \u0111\u1ecbnh xem tr\u00ecnh duy\u1ec7t c\u1ee7a b\u1ea1n c\u00f3 ch\u1ea5p nh\u1eadn cookie hay kh\u00f4ng. Cookie n\u00e0y kh\u00f4ng ch\u1ee9a d\u1eef li\u1ec7u c\u00e1 nh\u00e2n v\u00e0 s\u1ebd b\u1ecb lo\u1ea1i b\u1ecf khi b\u1ea1n \u0111\u00f3ng tr\u00ecnh duy\u1ec7t c\u1ee7a m\u00ecnh.<\/p><p>Khi b\u1ea1n \u0111\u0103ng nh\u1eadp, ch\u00fang t\u00f4i c\u0169ng s\u1ebd thi\u1ebft l\u1eadp m\u1ed9t s\u1ed1 cookie \u0111\u1ec3 l\u01b0u th\u00f4ng tin \u0111\u0103ng nh\u1eadp v\u00e0 c\u00e1c l\u1ef1a ch\u1ecdn hi\u1ec3n th\u1ecb tr\u00ean m\u00e0n h\u00ecnh c\u1ee7a b\u1ea1n. Cookie \u0111\u0103ng nh\u1eadp t\u1ed3n t\u1ea1i trong hai ng\u00e0y v\u00e0 cookie t\u00f9y ch\u1ecdn m\u00e0n h\u00ecnh t\u1ed3n t\u1ea1i trong m\u1ed9t n\u0103m. N\u1ebfu b\u1ea1n ch\u1ecdn \u201cGhi nh\u1edb t\u00f4i\u201d, th\u00f4ng tin \u0111\u0103ng nh\u1eadp c\u1ee7a b\u1ea1n s\u1ebd t\u1ed3n t\u1ea1i trong hai tu\u1ea7n. N\u1ebfu b\u1ea1n \u0111\u0103ng xu\u1ea5t kh\u1ecfi t\u00e0i kho\u1ea3n c\u1ee7a m\u00ecnh, cookie \u0111\u0103ng nh\u1eadp s\u1ebd b\u1ecb x\u00f3a.<\/p><p>N\u1ebfu b\u1ea1n ch\u1ec9nh s\u1eeda ho\u1eb7c xu\u1ea5t b\u1ea3n m\u1ed9t b\u00e0i vi\u1ebft, m\u1ed9t cookie b\u1ed5 sung s\u1ebd \u0111\u01b0\u1ee3c l\u01b0u trong tr\u00ecnh duy\u1ec7t c\u1ee7a b\u1ea1n. Cookie n\u00e0y kh\u00f4ng bao g\u1ed3m d\u1eef li\u1ec7u c\u00e1 nh\u00e2n v\u00e0 ch\u1ec9 cho bi\u1ebft ID b\u00e0i \u0111\u0103ng c\u1ee7a b\u00e0i vi\u1ebft b\u1ea1n v\u1eeba ch\u1ec9nh s\u1eeda. N\u00f3 h\u1ebft h\u1ea1n sau 1 ng\u00e0y.<\/p><h3>N\u1ed9i dung \u0111\u01b0\u1ee3c nh\u00fang t\u1eeb c\u00e1c trang web kh\u00e1c<\/h3><p>C\u00e1c b\u00e0i vi\u1ebft tr\u00ean trang web n\u00e0y c\u00f3 th\u1ec3 bao g\u1ed3m n\u1ed9i dung \u0111\u01b0\u1ee3c nh\u00fang (v\u00ed d\u1ee5: video, h\u00ecnh \u1ea3nh, b\u00e0i b\u00e1o, v.v.). N\u1ed9i dung \u0111\u01b0\u1ee3c nh\u00fang t\u1eeb c\u00e1c trang web kh\u00e1c ho\u1ea1t \u0111\u1ed9ng gi\u1ed1ng h\u1ec7t nh\u01b0 khi kh\u00e1ch truy c\u1eadp \u0111\u00e3 truy c\u1eadp trang web kh\u00e1c.<\/p><p>C\u00e1c trang web n\u00e0y c\u00f3 th\u1ec3 thu th\u1eadp d\u1eef li\u1ec7u v\u1ec1 b\u1ea1n, s\u1eed d\u1ee5ng cookie, nh\u00fang theo d\u00f5i b\u00ean th\u1ee9 ba b\u1ed5 sung v\u00e0 theo d\u00f5i t\u01b0\u01a1ng t\u00e1c c\u1ee7a b\u1ea1n v\u1edbi n\u1ed9i dung \u0111\u01b0\u1ee3c nh\u00fang \u0111\u00f3, bao g\u1ed3m theo d\u00f5i t\u01b0\u01a1ng t\u00e1c c\u1ee7a b\u1ea1n v\u1edbi n\u1ed9i dung \u0111\u01b0\u1ee3c nh\u00fang n\u1ebfu b\u1ea1n c\u00f3 t\u00e0i kho\u1ea3n v\u00e0 \u0111\u0103ng nh\u1eadp v\u00e0o trang web \u0111\u00f3.<\/p><h3>C\u00e1ch ch\u00fang t\u00f4i s\u1eed d\u1ee5ng th\u00f4ng tin c\u00e1 nh\u00e2n c\u1ee7a b\u1ea1n<\/h3><p>Ch\u00fang t\u00f4i s\u1eed d\u1ee5ng Th\u00f4ng tin \u0111\u1eb7t h\u00e0ng m\u00e0 ch\u00fang t\u00f4i th\u01b0\u1eddng thu th\u1eadp \u0111\u1ec3 th\u1ef1c hi\u1ec7n b\u1ea5t k\u1ef3 \u0111\u01a1n \u0111\u1eb7t h\u00e0ng n\u00e0o \u0111\u01b0\u1ee3c \u0111\u1eb7t qua Trang web (bao g\u1ed3m x\u1eed l\u00fd th\u00f4ng tin thanh to\u00e1n c\u1ee7a b\u1ea1n, s\u1eafp x\u1ebfp c\u00e1c d\u1ecbch v\u1ee5 m\u00e0 b\u1ea1n \u0111\u00e3 thu\u00ea ch\u00fang t\u00f4i v\u00e0 cung c\u1ea5p cho b\u1ea1n h\u00f3a \u0111\u01a1n v\u00e0\/ho\u1eb7c x\u00e1c nh\u1eadn \u0111\u01a1n \u0111\u1eb7t h\u00e0ng).<\/p><p>Ch\u00fang t\u00f4i s\u1eed d\u1ee5ng Th\u00f4ng tin thi\u1ebft b\u1ecb m\u00e0 ch\u00fang t\u00f4i thu th\u1eadp \u0111\u1ec3 gi\u00fap ch\u00fang t\u00f4i s\u00e0ng l\u1ecdc r\u1ee7i ro v\u00e0 gian l\u1eadn ti\u1ec1m \u1ea9n (c\u1ee5 th\u1ec3 l\u00e0 \u0111\u1ecba ch\u1ec9 IP c\u1ee7a b\u1ea1n) v\u00e0 n\u00f3i chung l\u00e0 \u0111\u1ec3 c\u1ea3i thi\u1ec7n v\u00e0 t\u1ed1i \u01b0u h\u00f3a Trang web c\u1ee7a ch\u00fang t\u00f4i (v\u00ed d\u1ee5: b\u1eb1ng c\u00e1ch t\u1ea1o ph\u00e2n t\u00edch v\u1ec1 c\u00e1ch kh\u00e1ch h\u00e0ng c\u1ee7a ch\u00fang t\u00f4i duy\u1ec7t v\u00e0 t\u01b0\u01a1ng t\u00e1c v\u1edbi Trang web v\u00e0 \u0111\u1ec3 \u0111\u00e1nh gi\u00e1 s\u1ef1 th\u00e0nh c\u00f4ng c\u1ee7a c\u00e1c chi\u1ebfn d\u1ecbch ti\u1ebfp th\u1ecb v\u00e0 qu\u1ea3ng c\u00e1o c\u1ee7a ch\u00fang t\u00f4i).<\/p><h3>Ch\u00fang t\u00f4i l\u01b0u gi\u1eef d\u1eef li\u1ec7u c\u1ee7a b\u1ea1n trong bao l\u00e2u<\/h3><p>N\u1ebfu b\u1ea1n \u0111\u1ec3 l\u1ea1i b\u00ecnh lu\u1eadn, b\u00ecnh lu\u1eadn v\u00e0 si\u00eau d\u1eef li\u1ec7u c\u1ee7a n\u00f3 s\u1ebd \u0111\u01b0\u1ee3c gi\u1eef l\u1ea1i v\u00f4 th\u1eddi h\u1ea1n. \u0110i\u1ec1u n\u00e0y l\u00e0 \u0111\u1ec3 ch\u00fang t\u00f4i c\u00f3 th\u1ec3 t\u1ef1 \u0111\u1ed9ng nh\u1eadn ra v\u00e0 ph\u00ea duy\u1ec7t m\u1ecdi nh\u1eadn x\u00e9t ti\u1ebfp theo thay v\u00ec gi\u1eef ch\u00fang trong h\u00e0ng \u0111\u1ee3i ki\u1ec3m duy\u1ec7t.<\/p><p>\u0110\u1ed1i v\u1edbi ng\u01b0\u1eddi d\u00f9ng \u0111\u0103ng k\u00fd tr\u00ean trang web c\u1ee7a ch\u00fang t\u00f4i (n\u1ebfu c\u00f3), ch\u00fang t\u00f4i c\u0169ng l\u01b0u tr\u1eef th\u00f4ng tin c\u00e1 nh\u00e2n m\u00e0 h\u1ecd cung c\u1ea5p trong h\u1ed3 s\u01a1 ng\u01b0\u1eddi d\u00f9ng c\u1ee7a h\u1ecd. T\u1ea5t c\u1ea3 ng\u01b0\u1eddi d\u00f9ng c\u00f3 th\u1ec3 xem, ch\u1ec9nh s\u1eeda ho\u1eb7c x\u00f3a th\u00f4ng tin c\u00e1 nh\u00e2n c\u1ee7a h\u1ecd b\u1ea5t k\u1ef3 l\u00fac n\u00e0o (ngo\u1ea1i tr\u1eeb h\u1ecd kh\u00f4ng th\u1ec3 thay \u0111\u1ed5i t\u00ean ng\u01b0\u1eddi d\u00f9ng c\u1ee7a m\u00ecnh). Qu\u1ea3n tr\u1ecb vi\u00ean trang web c\u0169ng c\u00f3 th\u1ec3 xem v\u00e0 ch\u1ec9nh s\u1eeda th\u00f4ng tin \u0111\u00f3.<\/p><h3>B\u1ea1n c\u00f3 nh\u1eefng quy\u1ec1n g\u00ec \u0111\u1ed1i v\u1edbi d\u1eef li\u1ec7u c\u1ee7a m\u00ecnh<\/h3><p>N\u1ebfu b\u1ea1n c\u00f3 t\u00e0i kho\u1ea3n tr\u00ean trang web n\u00e0y ho\u1eb7c \u0111\u00e3 \u0111\u1ec3 l\u1ea1i nh\u1eadn x\u00e9t, b\u1ea1n c\u00f3 th\u1ec3 y\u00eau c\u1ea7u nh\u1eadn t\u1ec7p xu\u1ea5t d\u1eef li\u1ec7u c\u00e1 nh\u00e2n m\u00e0 ch\u00fang t\u00f4i l\u01b0u gi\u1eef v\u1ec1 b\u1ea1n, bao g\u1ed3m m\u1ecdi d\u1eef li\u1ec7u b\u1ea1n \u0111\u00e3 cung c\u1ea5p cho ch\u00fang t\u00f4i. B\u1ea1n c\u0169ng c\u00f3 th\u1ec3 y\u00eau c\u1ea7u ch\u00fang t\u00f4i x\u00f3a m\u1ecdi d\u1eef li\u1ec7u c\u00e1 nh\u00e2n m\u00e0 ch\u00fang t\u00f4i c\u00f3 v\u1ec1 b\u1ea1n. \u0110i\u1ec1u n\u00e0y kh\u00f4ng bao g\u1ed3m b\u1ea5t k\u1ef3 d\u1eef li\u1ec7u n\u00e0o ch\u00fang t\u00f4i c\u00f3 ngh\u0129a v\u1ee5 l\u01b0u gi\u1eef cho c\u00e1c m\u1ee5c \u0111\u00edch h\u00e0nh ch\u00ednh, ph\u00e1p l\u00fd ho\u1eb7c b\u1ea3o m\u1eadt.<\/p><h3>N\u01a1i d\u1eef li\u1ec7u c\u1ee7a b\u1ea1n \u0111\u01b0\u1ee3c g\u1eedi<\/h3><p>Nh\u1eadn x\u00e9t c\u1ee7a kh\u00e1ch truy c\u1eadp c\u00f3 th\u1ec3 \u0111\u01b0\u1ee3c ki\u1ec3m tra th\u00f4ng qua d\u1ecbch v\u1ee5 ph\u00e1t hi\u1ec7n th\u01b0 r\u00e1c t\u1ef1 \u0111\u1ed9ng.<\/p>\n<\/div><div class=\"bde-text-3-107 bde-text\">\n\n<\/div><\/div>\n<\/section><\/div>","protected":false},"excerpt":{"rendered":"<p>Privacy Policy Who we areOur website address is: https:\/\/digloteach.com.Information we collectWhen you visit the Site, we automatically collect certain information about your device, including information about your web browser, IP address, time zone, and some of the cookies that are installed on your device. Additionally, as you browse the Site, we collect information about the [&hellip;]<\/p>\n","protected":false},"author":1,"featured_media":0,"parent":0,"menu_order":0,"comment_status":"closed","ping_status":"open","template":"","meta":{"_acf_changed":false,"_breakdance_hide_in_design_set":false,"_breakdance_tags":"","footnotes":""},"class_list":["post-3","page","type-page","status-publish","hentry"],"acf":[],"yoast_head":"<!-- This site is optimized with the Yoast SEO plugin v26.9 - https:\/\/yoast.com\/product\/yoast-seo-wordpress\/ -->\n<title>Privacy Policy - Diglo Teach<\/title>\n<meta name=\"robots\" content=\"index, follow, max-snippet:-1, max-image-preview:large, max-video-preview:-1\" \/>\n<link rel=\"canonical\" href=\"https:\/\/digloteach.com\/vi\/chinh-sach-bao-mat\/\" \/>\n<meta property=\"og:locale\" content=\"vi_VN\" \/>\n<meta property=\"og:type\" content=\"article\" \/>\n<meta property=\"og:title\" content=\"Privacy Policy - Diglo Teach\" \/>\n<meta property=\"og:description\" content=\"Privacy Policy Who we areOur website address is: https:\/\/digloteach.com.Information we collectWhen you visit the Site, we automatically collect certain information about your device, including information about your web browser, IP address, time zone, and some of the cookies that are installed on your device. Additionally, as you browse the Site, we collect information about the [&hellip;]\" \/>\n<meta property=\"og:url\" content=\"https:\/\/digloteach.com\/vi\/chinh-sach-bao-mat\/\" \/>\n<meta property=\"og:site_name\" content=\"Diglo Teach\" \/>\n<meta property=\"article:publisher\" content=\"https:\/\/www.facebook.com\/profile.php?id=100092937623862\" \/>\n<meta property=\"article:modified_time\" content=\"2023-07-06T23:16:00+00:00\" \/>\n<meta name=\"twitter:card\" content=\"summary_large_image\" \/>\n<script type=\"application\/ld+json\" class=\"yoast-schema-graph\">{\"@context\":\"https:\/\/schema.org\",\"@graph\":[{\"@type\":\"WebPage\",\"@id\":\"https:\/\/digloteach.com\/privacy-policy\/\",\"url\":\"https:\/\/digloteach.com\/privacy-policy\/\",\"name\":\"Privacy Policy - Diglo Teach\",\"isPartOf\":{\"@id\":\"https:\/\/digloteach.com\/#website\"},\"datePublished\":\"2023-05-30T22:14:45+00:00\",\"dateModified\":\"2023-07-06T23:16:00+00:00\",\"breadcrumb\":{\"@id\":\"https:\/\/digloteach.com\/privacy-policy\/#breadcrumb\"},\"inLanguage\":\"vi\",\"potentialAction\":[{\"@type\":\"ReadAction\",\"target\":[\"https:\/\/digloteach.com\/privacy-policy\/\"]}]},{\"@type\":\"BreadcrumbList\",\"@id\":\"https:\/\/digloteach.com\/privacy-policy\/#breadcrumb\",\"itemListElement\":[{\"@type\":\"ListItem\",\"position\":1,\"name\":\"Home\",\"item\":\"https:\/\/digloteach.com\/\"},{\"@type\":\"ListItem\",\"position\":2,\"name\":\"Privacy Policy\"}]},{\"@type\":\"WebSite\",\"@id\":\"https:\/\/digloteach.com\/#website\",\"url\":\"https:\/\/digloteach.com\/\",\"name\":\"Diglo Teach\",\"description\":\"Where Learning Meets Adventure\",\"publisher\":{\"@id\":\"https:\/\/digloteach.com\/#organization\"},\"potentialAction\":[{\"@type\":\"SearchAction\",\"target\":{\"@type\":\"EntryPoint\",\"urlTemplate\":\"https:\/\/digloteach.com\/?s={search_term_string}\"},\"query-input\":{\"@type\":\"PropertyValueSpecification\",\"valueRequired\":true,\"valueName\":\"search_term_string\"}}],\"inLanguage\":\"vi\"},{\"@type\":\"Organization\",\"@id\":\"https:\/\/digloteach.com\/#organization\",\"name\":\"Diglo Teach\",\"url\":\"https:\/\/digloteach.com\/\",\"logo\":{\"@type\":\"ImageObject\",\"inLanguage\":\"vi\",\"@id\":\"https:\/\/digloteach.com\/#\/schema\/logo\/image\/\",\"url\":\"https:\/\/digloteach.com\/wp-content\/uploads\/2023\/06\/diglo_logo.png\",\"contentUrl\":\"https:\/\/digloteach.com\/wp-content\/uploads\/2023\/06\/diglo_logo.png\",\"width\":343,\"height\":157,\"caption\":\"Diglo Teach\"},\"image\":{\"@id\":\"https:\/\/digloteach.com\/#\/schema\/logo\/image\/\"},\"sameAs\":[\"https:\/\/www.facebook.com\/profile.php?id=100092937623862\",\"https:\/\/www.instagram.com\/digloteach\/\",\"https:\/\/www.tiktok.com\/@digloteach\"]}]}<\/script>\n<!-- \/ Yoast SEO plugin. -->","yoast_head_json":{"title":"Ch\u00ednh s\u00e1ch b\u1ea3o m\u1eadt - Diglo Teach","robots":{"index":"index","follow":"follow","max-snippet":"max-snippet:-1","max-image-preview":"max-image-preview:large","max-video-preview":"max-video-preview:-1"},"canonical":"https:\/\/digloteach.com\/vi\/chinh-sach-bao-mat\/","og_locale":"vi_VN","og_type":"article","og_title":"Privacy Policy - Diglo Teach","og_description":"Privacy Policy Who we areOur website address is: https:\/\/digloteach.com.Information we collectWhen you visit the Site, we automatically collect certain information about your device, including information about your web browser, IP address, time zone, and some of the cookies that are installed on your device. Additionally, as you browse the Site, we collect information about the [&hellip;]","og_url":"https:\/\/digloteach.com\/vi\/chinh-sach-bao-mat\/","og_site_name":"Diglo Teach","article_publisher":"https:\/\/www.facebook.com\/profile.php?id=100092937623862","article_modified_time":"2023-07-06T23:16:00+00:00","twitter_card":"summary_large_image","schema":{"@context":"https:\/\/schema.org","@graph":[{"@type":"WebPage","@id":"https:\/\/digloteach.com\/privacy-policy\/","url":"https:\/\/digloteach.com\/privacy-policy\/","name":"Ch\u00ednh s\u00e1ch b\u1ea3o m\u1eadt - Diglo Teach","isPartOf":{"@id":"https:\/\/digloteach.com\/#website"},"datePublished":"2023-05-30T22:14:45+00:00","dateModified":"2023-07-06T23:16:00+00:00","breadcrumb":{"@id":"https:\/\/digloteach.com\/privacy-policy\/#breadcrumb"},"inLanguage":"vi","potentialAction":[{"@type":"ReadAction","target":["https:\/\/digloteach.com\/privacy-policy\/"]}]},{"@type":"BreadcrumbList","@id":"https:\/\/digloteach.com\/privacy-policy\/#breadcrumb","itemListElement":[{"@type":"ListItem","position":1,"name":"Home","item":"https:\/\/digloteach.com\/"},{"@type":"ListItem","position":2,"name":"Privacy Policy"}]},{"@type":"WebSite","@id":"https:\/\/digloteach.com\/#website","url":"https:\/\/digloteach.com\/","name":"\u0110\u00e0o t\u1ea1o Diglo","description":"N\u01a1i h\u1ecdc t\u1eadp \u0111\u00e1p \u1ee9ng cu\u1ed9c phi\u00eau l\u01b0u","publisher":{"@id":"https:\/\/digloteach.com\/#organization"},"potentialAction":[{"@type":"SearchAction","target":{"@type":"EntryPoint","urlTemplate":"https:\/\/digloteach.com\/?s={search_term_string}"},"query-input":{"@type":"PropertyValueSpecification","valueRequired":true,"valueName":"search_term_string"}}],"inLanguage":"vi"},{"@type":"Organization","@id":"https:\/\/digloteach.com\/#organization","name":"\u0110\u00e0o t\u1ea1o Diglo","url":"https:\/\/digloteach.com\/","logo":{"@type":"ImageObject","inLanguage":"vi","@id":"https:\/\/digloteach.com\/#\/schema\/logo\/image\/","url":"https:\/\/digloteach.com\/wp-content\/uploads\/2023\/06\/diglo_logo.png","contentUrl":"https:\/\/digloteach.com\/wp-content\/uploads\/2023\/06\/diglo_logo.png","width":343,"height":157,"caption":"Diglo Teach"},"image":{"@id":"https:\/\/digloteach.com\/#\/schema\/logo\/image\/"},"sameAs":["https:\/\/www.facebook.com\/profile.php?id=100092937623862","https:\/\/www.instagram.com\/digloteach\/","https:\/\/www.tiktok.com\/@digloteach"]}]}},"_links":{"self":[{"href":"https:\/\/digloteach.com\/vi\/wp-json\/wp\/v2\/pages\/3","targetHints":{"allow":["GET"]}}],"collection":[{"href":"https:\/\/digloteach.com\/vi\/wp-json\/wp\/v2\/pages"}],"about":[{"href":"https:\/\/digloteach.com\/vi\/wp-json\/wp\/v2\/types\/page"}],"author":[{"embeddable":true,"href":"https:\/\/digloteach.com\/vi\/wp-json\/wp\/v2\/users\/1"}],"replies":[{"embeddable":true,"href":"https:\/\/digloteach.com\/vi\/wp-json\/wp\/v2\/comments?post=3"}],"version-history":[{"count":4,"href":"https:\/\/digloteach.com\/vi\/wp-json\/wp\/v2\/pages\/3\/revisions"}],"predecessor-version":[{"id":896,"href":"https:\/\/digloteach.com\/vi\/wp-json\/wp\/v2\/pages\/3\/revisions\/896"}],"wp:attachment":[{"href":"https:\/\/digloteach.com\/vi\/wp-json\/wp\/v2\/media?parent=3"}],"curies":[{"name":"wp","href":"https:\/\/api.w.org\/{rel}","templated":true}]}}