{"id":41,"date":"2023-06-15T11:32:27","date_gmt":"2023-06-14T23:32:27","guid":{"rendered":"https:\/\/diglo.allteams.dev\/?page_id=41"},"modified":"2023-12-05T13:34:36","modified_gmt":"2023-12-05T06:34:36","slug":"about","status":"publish","type":"page","link":"https:\/\/digloteach.com\/vi\/ve\/","title":{"rendered":"Gi\u1edbi thi\u1ec7u"},"content":{"rendered":"<div class='breakdance'><section class=\"bde-section-41-139 bde-section\">\n  \n  \n\t\n\n\n\n        <div class=\"section-shape-divider-wrapper section-shape-divider-wrapper--1\">\n          <span class=\"section-shape-divider\">\n                      <svg\n                xmlns=\"http:\/\/www.w3.org\/2000\/svg\"\n                viewbox=\"0 0 1440 320\"\n                preserveaspectratio=\"none\"\n            >\n              <path d=\"m1440 176-218.331 87.333c-87.89 35.156-187.784 21.62-263.149-35.657l-116.67-88.67c-72.014-54.731-171.686-54.731-243.7 0l-116.67 88.67c-75.365 57.277-175.258 70.813-263.149 35.657L0 176v144h1440V176Z\" fill=\"currentColor\"\/>\n            <\/svg>\n                    <\/span>\n      <\/div>\n  <div class=\"section-container\"><div class=\"bde-columns-41-140 bde-columns\"><div class=\"bde-column-41-141 bde-column\">\n  \n  \n\t\n\n\n\n<h4 class=\"bde-heading-41-142 bde-heading\" data-entrance=\"fade\">\nV\u1ec1 DigloTeach\n<\/h4><h1 class=\"bde-heading-41-143 bde-heading\" data-entrance=\"fade\">\nT\u1ea1o tr\u1ea3i nghi\u1ec7m h\u1ecdc t\u1eadp tr\u1ef1c tuy\u1ebfn ch\u00e2n th\u1ef1c v\u00e0 h\u1ea5p d\u1eabn\n<\/h1><div class=\"bde-image-41-167 bde-image\">\n<figure class=\"breakdance-image breakdance-image--264\">\n\t<div class=\"breakdance-image-container\">\n\t\t<div class=\"breakdance-image-clip\"><img loading=\"lazy\" decoding=\"async\" class=\"breakdance-image-object\" src=\"https:\/\/digloteach.com\/wp-content\/uploads\/2023\/06\/zigzag-red@4x.png\" width=\"214\" height=\"98\" sizes=\"auto, (max-width: 214px) 100vw, 214px\"><\/div>\n\t<\/div><\/figure>\n\n<\/div><div class=\"bde-image-41-166 bde-image\">\n<figure class=\"breakdance-image breakdance-image--266\">\n\t<div class=\"breakdance-image-container\">\n\t\t<div class=\"breakdance-image-clip\"><img loading=\"lazy\" decoding=\"async\" class=\"breakdance-image-object\" src=\"https:\/\/digloteach.com\/wp-content\/uploads\/2023\/06\/red-zigzag-horiz.png\" width=\"230\" height=\"172\" sizes=\"auto, (max-width: 230px) 100vw, 230px\"><\/div>\n\t<\/div><\/figure>\n\n<\/div><div class=\"bde-image-41-165 bde-image\">\n<figure class=\"breakdance-image breakdance-image--258\">\n\t<div class=\"breakdance-image-container\">\n\t\t<div class=\"breakdance-image-clip\"><img loading=\"lazy\" decoding=\"async\" class=\"breakdance-image-object\" src=\"https:\/\/digloteach.com\/wp-content\/uploads\/2023\/06\/Asset-4@4x-1.png\" width=\"151\" height=\"151\" sizes=\"auto, (max-width: 151px) 100vw, 151px\"><\/div>\n\t<\/div><\/figure>\n\n<\/div>\n<\/div><div class=\"bde-column-41-157 bde-column\">\n  \n  \n\t\n\n\n\n<div class=\"bde-video-41-159 bde-video\">\n<div class=\"ee-video-container\">\n            <video class=\"ee-video\" src=\"https:\/\/digloteach.com\/wp-content\/uploads\/2023\/06\/Digloteachwebsitevideochinese.mp4\"\n                               controls='true'                poster='https:\/\/digloteach.com\/wp-content\/uploads\/2023\/07\/dt-marketing-vid2.jpg'                                                controlslist=\"nodownload\"                playsinline\n>\n        <\/video>\n    \n    <\/div>\n\n<\/div>\n<\/div><\/div><\/div>\n<\/section><section class=\"bde-section-41-162 bde-section\">\n  \n  \n\t\n\n\n\n<div class=\"section-container\"><div class=\"bde-columns-41-170 bde-columns\"><div class=\"bde-column-41-171 bde-column\">\n  \n  \n\t\n\n\n\n<div class=\"bde-text-41-168 bde-text\">\nT\u1ea1i Diglo Teach, ch\u00fang t\u00f4i \u0111\u01b0\u1ee3c th\u00fac \u0111\u1ea9y b\u1edfi ni\u1ec1m \u0111am m\u00ea k\u1ebft n\u1ed1i nh\u1eefng h\u1ecdc vi\u00ean h\u00e0o h\u1ee9ng v\u1edbi nh\u1eefng gi\u00e1o vi\u00ean t\u1eadn t\u1ee5y!\n<\/div><div class=\"bde-div-41-179 bde-div\">\n  \n  \n\t\n\n\n\n<div class=\"bde-globalblock-41-177 bde-globalblock\"><div class='breakdance'><div id=\"dig_kenzie-profile\" class=\"bde-div-767-100-767-1 bde-div bde-div-767-100\">\n  \n  \n\t\n\n\n\n<div class=\"bde-image-767-101-767-1 bde-image bde-image-767-101\">\n<figure class=\"breakdance-image breakdance-image--921\">\n\t<div class=\"breakdance-image-container\">\n\t\t<div class=\"breakdance-image-clip\"><img loading=\"lazy\" decoding=\"async\" class=\"breakdance-image-object\" src=\"https:\/\/digloteach.com\/wp-content\/uploads\/2023\/07\/kenzie2@2x-768x768.png\" width=\"768\" height=\"768\" srcset=\"https:\/\/digloteach.com\/wp-content\/uploads\/2023\/07\/kenzie2@2x.png 1896w, https:\/\/digloteach.com\/wp-content\/uploads\/2023\/07\/kenzie2@2x-300x300.png 300w, https:\/\/digloteach.com\/wp-content\/uploads\/2023\/07\/kenzie2@2x-1024x1024.png 1024w, https:\/\/digloteach.com\/wp-content\/uploads\/2023\/07\/kenzie2@2x-150x150.png 150w, https:\/\/digloteach.com\/wp-content\/uploads\/2023\/07\/kenzie2@2x-768x768.png 768w, https:\/\/digloteach.com\/wp-content\/uploads\/2023\/07\/kenzie2@2x-1536x1536.png 1536w, https:\/\/digloteach.com\/wp-content\/uploads\/2023\/07\/kenzie2@2x-12x12.png 12w\" sizes=\"auto, (max-width: 1896px) 100vw, 1896px\"><\/div>\n\t<\/div><\/figure>\n\n<\/div><h4 class=\"bde-heading-767-102-767-1 bde-heading bde-heading-767-102\">\nKenzie Boyette\n<\/h4><h4 class=\"bde-heading-767-103-767-1 bde-heading bde-heading-767-103\">\nNg\u01b0\u1eddi s\u00e1ng l\u1eadp\n<\/h4>\n<\/div><\/div><\/div>\n<\/div><div class=\"bde-rich-text-41-175 bde-rich-text breakdance-rich-text-styles\">\n<p>Kenzie Boyette, ng\u01b0\u1eddi s\u00e1ng l\u1eadp c\u00f3 t\u1ea7m nh\u00ecn xa c\u1ee7a ch\u00fang t\u00f4i, \u0111\u00e3 c\u1ed1ng hi\u1ebfn s\u1ef1 nghi\u1ec7p c\u1ee7a m\u00ecnh \u0111\u1ec3 trao quy\u1ec1n cho sinh vi\u00ean v\u00e0 c\u00e1ch m\u1ea1ng h\u00f3a c\u00e1ch ch\u00fang t\u00f4i ti\u1ebfp c\u1eadn gi\u00e1o d\u1ee5c tr\u1ef1c tuy\u1ebfn. V\u1edbi s\u1ef1 hi\u1ec3u bi\u1ebft s\u00e2u s\u1eafc v\u1ec1 b\u1ed1i c\u1ea3nh gi\u00e1o d\u1ee5c \u0111ang ph\u00e1t tri\u1ec3n, c\u00f4 nh\u1eadn ra s\u1ef1 c\u1ea7n thi\u1ebft c\u1ee7a m\u1ed9t m\u00f4i tr\u01b0\u1eddng h\u1ecdc t\u1eadp t\u01b0\u01a1ng t\u00e1c v\u00e0 ch\u00e2n th\u1ef1c h\u01a1n.<\/p><p>Diglo Teach ra \u0111\u1eddi t\u1eeb mong mu\u1ed1n c\u1ee7a Kenzie nh\u1eb1m cung c\u1ea5p cho sinh vi\u00ean m\u1ed9t n\u1ec1n t\u1ea3ng tr\u1ef1c tuy\u1ebfn v\u01b0\u1ee3t ra ngo\u00e0i ranh gi\u1edbi th\u00f4ng th\u01b0\u1eddng c\u1ee7a vi\u1ec7c h\u1ecdc t\u1eeb xa. C\u00f4 \u0111\u00e3 l\u1eafng nghe ti\u1ebfng n\u00f3i c\u1ee7a v\u00f4 s\u1ed1 h\u1ecdc sinh khao kh\u00e1t \u0111\u01b0\u1ee3c k\u1ebft n\u1ed1i c\u00f3 \u00fd ngh\u0129a v\u1edbi gi\u00e1o vi\u00ean c\u1ee7a m\u00ecnh, nh\u1eb1m t\u1ea1o ra m\u1ed9t m\u00f4i tr\u01b0\u1eddng n\u01a1i c\u00e1c m\u1ed1i quan h\u1ec7 c\u00f3 th\u1ec3 ph\u00e1t tri\u1ec3n.<\/p><p>V\u1edbi \u01b0u ti\u00ean s\u1ed1 m\u1ed9t c\u1ee7a sinh vi\u00ean, ch\u00fang t\u00f4i cam k\u1ebft l\u00e0m cho tr\u1ea3i nghi\u1ec7m h\u1ecdc t\u1eadp tr\u1edf n\u00ean th\u00fa v\u1ecb v\u00e0 t\u01b0\u01a1ng t\u00e1c nh\u1ea5t c\u00f3 th\u1ec3. M\u1ee5c ti\u00eau c\u1ee7a ch\u00fang t\u00f4i l\u00e0 th\u00fac \u0111\u1ea9y c\u00e1c k\u1ebft n\u1ed1i th\u1ef1c s\u1ef1 gi\u1eefa h\u1ecdc sinh v\u00e0 gi\u00e1o vi\u00ean, \u0111\u1ea3m b\u1ea3o r\u1eb1ng vi\u1ec7c h\u1ecdc tr\u1edf th\u00e0nh m\u1ed9t h\u00e0nh tr\u00ecnh h\u1ee3p t\u00e1c v\u00e0 th\u00fa v\u1ecb cho t\u1ea5t c\u1ea3 m\u1ecdi ng\u01b0\u1eddi.<\/p><p>Th\u00f4ng qua c\u00e1c ph\u01b0\u01a1ng ph\u00e1p gi\u1ea3ng d\u1ea1y s\u00e1ng t\u1ea1o v\u00e0 c\u00f4ng ngh\u1ec7 ti\u00ean ti\u1ebfn, Diglo Teach cung c\u1ea5p m\u1ed9t lo\u1ea1t c\u00e1c kh\u00f3a h\u1ecdc \u0111\u01b0\u1ee3c thi\u1ebft k\u1ebf \u0111\u1ec3 \u0111\u00e1p \u1ee9ng nhu c\u1ea7u v\u00e0 s\u1edf th\u00edch ri\u00eang c\u1ee7a h\u1ecdc vi\u00ean. Ch\u00fang t\u00f4i tin r\u1eb1ng s\u1ef1 k\u1ebft h\u1ee3p gi\u1eefa c\u00f4ng ngh\u1ec7 v\u00e0 gi\u00e1o d\u1ee5c n\u1eafm gi\u1eef ti\u1ec1m n\u0103ng to l\u1edbn \u0111\u1ec3 thay \u0111\u1ed5i c\u00e1ch ch\u00fang ta h\u1ecdc v\u00e0 ch\u00fang t\u00f4i t\u1eadn t\u00e2m khai ph\u00e1 ti\u1ec1m n\u0103ng \u0111\u00f3.<\/p><p>Tham gia v\u1edbi ch\u00fang t\u00f4i t\u1ea1i Diglo Teach v\u00e0 tr\u1ea3i nghi\u1ec7m t\u01b0\u01a1ng lai c\u1ee7a gi\u00e1o d\u1ee5c tr\u1ef1c tuy\u1ebfn. C\u00f9ng nhau, ch\u00fang ta s\u1ebd t\u1ea1o ra m\u1ed9t m\u00f4i tr\u01b0\u1eddng h\u1ecdc t\u1eadp n\u0103ng \u0111\u1ed9ng v\u00e0 \u0111\u1ea7y c\u1ea3m h\u1ee9ng, gi\u00fap h\u1ecdc sinh ph\u00e1t huy h\u1ebft ti\u1ec1m n\u0103ng c\u1ee7a m\u00ecnh.<\/p><p><\/p>\n<\/div>\n<\/div><div class=\"bde-column-41-172 bde-column\">\n  \n  \n\t\n\n\n\n<div class=\"bde-globalblock-41-178 bde-globalblock\" data-parallax=\"true\"><div class='breakdance'><div id=\"dig_kenzie-profile\" class=\"bde-div-767-100-767-2 bde-div bde-div-767-100\">\n  \n  \n\t\n\n\n\n<div class=\"bde-image-767-101-767-2 bde-image bde-image-767-101\">\n<figure class=\"breakdance-image breakdance-image--921\">\n\t<div class=\"breakdance-image-container\">\n\t\t<div class=\"breakdance-image-clip\"><img loading=\"lazy\" decoding=\"async\" class=\"breakdance-image-object\" src=\"https:\/\/digloteach.com\/wp-content\/uploads\/2023\/07\/kenzie2@2x-768x768.png\" width=\"768\" height=\"768\" srcset=\"https:\/\/digloteach.com\/wp-content\/uploads\/2023\/07\/kenzie2@2x.png 1896w, https:\/\/digloteach.com\/wp-content\/uploads\/2023\/07\/kenzie2@2x-300x300.png 300w, https:\/\/digloteach.com\/wp-content\/uploads\/2023\/07\/kenzie2@2x-1024x1024.png 1024w, https:\/\/digloteach.com\/wp-content\/uploads\/2023\/07\/kenzie2@2x-150x150.png 150w, https:\/\/digloteach.com\/wp-content\/uploads\/2023\/07\/kenzie2@2x-768x768.png 768w, https:\/\/digloteach.com\/wp-content\/uploads\/2023\/07\/kenzie2@2x-1536x1536.png 1536w, https:\/\/digloteach.com\/wp-content\/uploads\/2023\/07\/kenzie2@2x-12x12.png 12w\" sizes=\"auto, (max-width: 1896px) 100vw, 1896px\"><\/div>\n\t<\/div><\/figure>\n\n<\/div><h4 class=\"bde-heading-767-102-767-2 bde-heading bde-heading-767-102\">\nKenzie Boyette\n<\/h4><h4 class=\"bde-heading-767-103-767-2 bde-heading bde-heading-767-103\">\nNg\u01b0\u1eddi s\u00e1ng l\u1eadp\n<\/h4>\n<\/div><\/div><\/div>\n<\/div><\/div><\/div>\n<\/section><section class=\"bde-section-41-129 bde-section\">\n  \n  \n\t\n\n\n\n        <div class=\"section-shape-divider-wrapper section-shape-divider-wrapper--1\">\n          <span class=\"section-shape-divider\">\n                      <svg\n                xmlns=\"http:\/\/www.w3.org\/2000\/svg\"\n                viewbox=\"0 0 1440 320\"\n                preserveaspectratio=\"none\"\n            >\n              <path d=\"m1440 176-218.331 87.333c-87.89 35.156-187.784 21.62-263.149-35.657l-116.67-88.67c-72.014-54.731-171.686-54.731-243.7 0l-116.67 88.67c-75.365 57.277-175.258 70.813-263.149 35.657L0 176v144h1440V176Z\" fill=\"currentColor\"\/>\n            <\/svg>\n                    <\/span>\n      <\/div>\n  <div class=\"section-container\"><div class=\"bde-columns-41-130 bde-columns\"><div class=\"bde-column-41-131 bde-column\">\n  \n  \n\t\n\n\n\n<div class=\"bde-image-41-132 bde-image\">\n<figure class=\"breakdance-image breakdance-image--361\">\n\t<div class=\"breakdance-image-container\">\n\t\t<div class=\"breakdance-image-clip\"><img loading=\"lazy\" decoding=\"async\" class=\"breakdance-image-object\" src=\"https:\/\/digloteach.com\/wp-content\/uploads\/2023\/06\/FullBlob-girl.png\" width=\"1389\" height=\"1414\" srcset=\"https:\/\/digloteach.com\/wp-content\/uploads\/2023\/06\/FullBlob-girl.png 1389w, https:\/\/digloteach.com\/wp-content\/uploads\/2023\/06\/FullBlob-girl-295x300.png 295w, https:\/\/digloteach.com\/wp-content\/uploads\/2023\/06\/FullBlob-girl-1006x1024.png 1006w, https:\/\/digloteach.com\/wp-content\/uploads\/2023\/06\/FullBlob-girl-768x782.png 768w\" sizes=\"auto, (max-width: 1389px) 100vw, 1389px\"><\/div>\n\t<\/div><\/figure>\n\n<\/div>\n<\/div><div class=\"bde-column-41-133 bde-column\">\n  \n  \n\t\n\n\n\n<h4 id=\"join-our-team\" class=\"bde-heading-41-134 bde-heading dig_pcfont\">\nCh\u00e0o m\u1eebng b\u1ea1n \u0111\u1ebfn v\u1edbi Diglo Teach, n\u01a1i k\u1ebft h\u1ee3p c\u00f4ng ngh\u1ec7 v\u00e0 gi\u00e1o d\u1ee5c \u0111\u1ec3 t\u1ea1o ra tr\u1ea3i nghi\u1ec7m h\u1ecdc t\u1eadp bi\u1ebfn \u0111\u1ed5i.<br>\n<\/h4>\n<\/div><\/div><\/div>\n<\/section><\/div>","protected":false},"excerpt":{"rendered":"<p>About Diglo Teach Creating an authentic and engaging online learning experience At Diglo Teach, we are driven by a passion to connect excited learners to dedicated teachers! Kenzie Boyette Founder Kenzie Boyette, our visionary founder, has dedicated her career to empowering students and revolutionizing the way we approach online education. With a deep understanding of [&hellip;]<\/p>\n","protected":false},"author":1,"featured_media":0,"parent":0,"menu_order":0,"comment_status":"closed","ping_status":"closed","template":"","meta":{"_acf_changed":false,"_breakdance_hide_in_design_set":false,"_breakdance_tags":"","footnotes":""},"class_list":["post-41","page","type-page","status-publish","hentry"],"acf":[],"yoast_head":"<!-- This site is optimized with the Yoast SEO plugin v26.9 - https:\/\/yoast.com\/product\/yoast-seo-wordpress\/ -->\n<title>About - Diglo Teach - Online English Classes for Kids<\/title>\n<meta name=\"description\" content=\"Our fun and interactive seven-level curriculum, combined with our personalized approach, will see your child&#039;s English skills flourish!\" \/>\n<meta name=\"robots\" content=\"index, follow, max-snippet:-1, max-image-preview:large, max-video-preview:-1\" \/>\n<link rel=\"canonical\" href=\"https:\/\/digloteach.com\/vi\/ve\/\" \/>\n<meta property=\"og:locale\" content=\"vi_VN\" \/>\n<meta property=\"og:type\" content=\"article\" \/>\n<meta property=\"og:title\" content=\"About - Diglo Teach - Online English Classes for Kids\" \/>\n<meta property=\"og:description\" content=\"Our fun and interactive seven-level curriculum, combined with our personalized approach, will see your child&#039;s English skills flourish!\" \/>\n<meta property=\"og:url\" content=\"https:\/\/digloteach.com\/vi\/ve\/\" \/>\n<meta property=\"og:site_name\" content=\"Diglo Teach\" \/>\n<meta property=\"article:publisher\" content=\"https:\/\/www.facebook.com\/profile.php?id=100092937623862\" \/>\n<meta property=\"article:modified_time\" content=\"2023-12-05T06:34:36+00:00\" \/>\n<meta name=\"twitter:card\" content=\"summary_large_image\" \/>\n<script type=\"application\/ld+json\" class=\"yoast-schema-graph\">{\"@context\":\"https:\/\/schema.org\",\"@graph\":[{\"@type\":\"WebPage\",\"@id\":\"https:\/\/digloteach.com\/about\/\",\"url\":\"https:\/\/digloteach.com\/about\/\",\"name\":\"About - Diglo Teach - Online English Classes for Kids\",\"isPartOf\":{\"@id\":\"https:\/\/digloteach.com\/#website\"},\"datePublished\":\"2023-06-14T23:32:27+00:00\",\"dateModified\":\"2023-12-05T06:34:36+00:00\",\"description\":\"Our fun and interactive seven-level curriculum, combined with our personalized approach, will see your child's English skills flourish!\",\"breadcrumb\":{\"@id\":\"https:\/\/digloteach.com\/about\/#breadcrumb\"},\"inLanguage\":\"vi\",\"potentialAction\":[{\"@type\":\"ReadAction\",\"target\":[\"https:\/\/digloteach.com\/about\/\"]}]},{\"@type\":\"BreadcrumbList\",\"@id\":\"https:\/\/digloteach.com\/about\/#breadcrumb\",\"itemListElement\":[{\"@type\":\"ListItem\",\"position\":1,\"name\":\"Home\",\"item\":\"https:\/\/digloteach.com\/\"},{\"@type\":\"ListItem\",\"position\":2,\"name\":\"About\"}]},{\"@type\":\"WebSite\",\"@id\":\"https:\/\/digloteach.com\/#website\",\"url\":\"https:\/\/digloteach.com\/\",\"name\":\"Diglo Teach\",\"description\":\"Where Learning Meets Adventure\",\"publisher\":{\"@id\":\"https:\/\/digloteach.com\/#organization\"},\"potentialAction\":[{\"@type\":\"SearchAction\",\"target\":{\"@type\":\"EntryPoint\",\"urlTemplate\":\"https:\/\/digloteach.com\/?s={search_term_string}\"},\"query-input\":{\"@type\":\"PropertyValueSpecification\",\"valueRequired\":true,\"valueName\":\"search_term_string\"}}],\"inLanguage\":\"vi\"},{\"@type\":\"Organization\",\"@id\":\"https:\/\/digloteach.com\/#organization\",\"name\":\"Diglo Teach\",\"url\":\"https:\/\/digloteach.com\/\",\"logo\":{\"@type\":\"ImageObject\",\"inLanguage\":\"vi\",\"@id\":\"https:\/\/digloteach.com\/#\/schema\/logo\/image\/\",\"url\":\"https:\/\/digloteach.com\/wp-content\/uploads\/2023\/06\/diglo_logo.png\",\"contentUrl\":\"https:\/\/digloteach.com\/wp-content\/uploads\/2023\/06\/diglo_logo.png\",\"width\":343,\"height\":157,\"caption\":\"Diglo Teach\"},\"image\":{\"@id\":\"https:\/\/digloteach.com\/#\/schema\/logo\/image\/\"},\"sameAs\":[\"https:\/\/www.facebook.com\/profile.php?id=100092937623862\",\"https:\/\/www.instagram.com\/digloteach\/\",\"https:\/\/www.tiktok.com\/@digloteach\"]}]}<\/script>\n<!-- \/ Yoast SEO plugin. -->","yoast_head_json":{"title":"Gi\u1edbi thi\u1ec7u - Diglo Teach - L\u1edbp h\u1ecdc ti\u1ebfng Anh tr\u1ef1c tuy\u1ebfn cho tr\u1ebb em","description":"Ch\u01b0\u01a1ng tr\u00ecnh gi\u1ea3ng d\u1ea1y b\u1ea3y c\u1ea5p \u0111\u1ed9 th\u00fa v\u1ecb v\u00e0 t\u01b0\u01a1ng t\u00e1c c\u1ee7a ch\u00fang t\u00f4i, k\u1ebft h\u1ee3p v\u1edbi ph\u01b0\u01a1ng ph\u00e1p c\u00e1 nh\u00e2n h\u00f3a c\u1ee7a ch\u00fang t\u00f4i, s\u1ebd gi\u00fap c\u00e1c k\u1ef9 n\u0103ng ti\u1ebfng Anh c\u1ee7a con b\u1ea1n ph\u00e1t tri\u1ec3n v\u01b0\u1ee3t b\u1eadc!","robots":{"index":"index","follow":"follow","max-snippet":"max-snippet:-1","max-image-preview":"max-image-preview:large","max-video-preview":"max-video-preview:-1"},"canonical":"https:\/\/digloteach.com\/vi\/ve\/","og_locale":"vi_VN","og_type":"article","og_title":"About - Diglo Teach - Online English Classes for Kids","og_description":"Our fun and interactive seven-level curriculum, combined with our personalized approach, will see your child's English skills flourish!","og_url":"https:\/\/digloteach.com\/vi\/ve\/","og_site_name":"Diglo Teach","article_publisher":"https:\/\/www.facebook.com\/profile.php?id=100092937623862","article_modified_time":"2023-12-05T06:34:36+00:00","twitter_card":"summary_large_image","schema":{"@context":"https:\/\/schema.org","@graph":[{"@type":"WebPage","@id":"https:\/\/digloteach.com\/about\/","url":"https:\/\/digloteach.com\/about\/","name":"Gi\u1edbi thi\u1ec7u - Diglo Teach - L\u1edbp h\u1ecdc ti\u1ebfng Anh tr\u1ef1c tuy\u1ebfn cho tr\u1ebb em","isPartOf":{"@id":"https:\/\/digloteach.com\/#website"},"datePublished":"2023-06-14T23:32:27+00:00","dateModified":"2023-12-05T06:34:36+00:00","description":"Ch\u01b0\u01a1ng tr\u00ecnh gi\u1ea3ng d\u1ea1y b\u1ea3y c\u1ea5p \u0111\u1ed9 th\u00fa v\u1ecb v\u00e0 t\u01b0\u01a1ng t\u00e1c c\u1ee7a ch\u00fang t\u00f4i, k\u1ebft h\u1ee3p v\u1edbi ph\u01b0\u01a1ng ph\u00e1p c\u00e1 nh\u00e2n h\u00f3a c\u1ee7a ch\u00fang t\u00f4i, s\u1ebd gi\u00fap c\u00e1c k\u1ef9 n\u0103ng ti\u1ebfng Anh c\u1ee7a con b\u1ea1n ph\u00e1t tri\u1ec3n v\u01b0\u1ee3t b\u1eadc!","breadcrumb":{"@id":"https:\/\/digloteach.com\/about\/#breadcrumb"},"inLanguage":"vi","potentialAction":[{"@type":"ReadAction","target":["https:\/\/digloteach.com\/about\/"]}]},{"@type":"BreadcrumbList","@id":"https:\/\/digloteach.com\/about\/#breadcrumb","itemListElement":[{"@type":"ListItem","position":1,"name":"Home","item":"https:\/\/digloteach.com\/"},{"@type":"ListItem","position":2,"name":"About"}]},{"@type":"WebSite","@id":"https:\/\/digloteach.com\/#website","url":"https:\/\/digloteach.com\/","name":"\u0110\u00e0o t\u1ea1o Diglo","description":"N\u01a1i h\u1ecdc t\u1eadp \u0111\u00e1p \u1ee9ng cu\u1ed9c phi\u00eau l\u01b0u","publisher":{"@id":"https:\/\/digloteach.com\/#organization"},"potentialAction":[{"@type":"SearchAction","target":{"@type":"EntryPoint","urlTemplate":"https:\/\/digloteach.com\/?s={search_term_string}"},"query-input":{"@type":"PropertyValueSpecification","valueRequired":true,"valueName":"search_term_string"}}],"inLanguage":"vi"},{"@type":"Organization","@id":"https:\/\/digloteach.com\/#organization","name":"\u0110\u00e0o t\u1ea1o Diglo","url":"https:\/\/digloteach.com\/","logo":{"@type":"ImageObject","inLanguage":"vi","@id":"https:\/\/digloteach.com\/#\/schema\/logo\/image\/","url":"https:\/\/digloteach.com\/wp-content\/uploads\/2023\/06\/diglo_logo.png","contentUrl":"https:\/\/digloteach.com\/wp-content\/uploads\/2023\/06\/diglo_logo.png","width":343,"height":157,"caption":"Diglo Teach"},"image":{"@id":"https:\/\/digloteach.com\/#\/schema\/logo\/image\/"},"sameAs":["https:\/\/www.facebook.com\/profile.php?id=100092937623862","https:\/\/www.instagram.com\/digloteach\/","https:\/\/www.tiktok.com\/@digloteach"]}]}},"_links":{"self":[{"href":"https:\/\/digloteach.com\/vi\/wp-json\/wp\/v2\/pages\/41","targetHints":{"allow":["GET"]}}],"collection":[{"href":"https:\/\/digloteach.com\/vi\/wp-json\/wp\/v2\/pages"}],"about":[{"href":"https:\/\/digloteach.com\/vi\/wp-json\/wp\/v2\/types\/page"}],"author":[{"embeddable":true,"href":"https:\/\/digloteach.com\/vi\/wp-json\/wp\/v2\/users\/1"}],"replies":[{"embeddable":true,"href":"https:\/\/digloteach.com\/vi\/wp-json\/wp\/v2\/comments?post=41"}],"version-history":[{"count":49,"href":"https:\/\/digloteach.com\/vi\/wp-json\/wp\/v2\/pages\/41\/revisions"}],"predecessor-version":[{"id":1528,"href":"https:\/\/digloteach.com\/vi\/wp-json\/wp\/v2\/pages\/41\/revisions\/1528"}],"wp:attachment":[{"href":"https:\/\/digloteach.com\/vi\/wp-json\/wp\/v2\/media?parent=41"}],"curies":[{"name":"wp","href":"https:\/\/api.w.org\/{rel}","templated":true}]}}