{"id":43,"date":"2023-06-15T11:32:39","date_gmt":"2023-06-14T23:32:39","guid":{"rendered":"https:\/\/diglo.allteams.dev\/?page_id=43"},"modified":"2023-08-15T08:25:57","modified_gmt":"2023-08-15T01:25:57","slug":"our-teachers","status":"publish","type":"page","link":"https:\/\/digloteach.com\/vi\/giao-vien-cua-chung-ta\/","title":{"rendered":"Gi\u00e1o vi\u00ean DigloTeach"},"content":{"rendered":"<div class='breakdance'><section class=\"bde-section-43-139 bde-section\">\n  \n  \n\t\n\n\n\n        <div class=\"section-shape-divider-wrapper section-shape-divider-wrapper--1\">\n          <span class=\"section-shape-divider\">\n                      <svg\n                xmlns=\"http:\/\/www.w3.org\/2000\/svg\"\n                viewbox=\"0 0 1440 320\"\n                preserveaspectratio=\"none\"\n            >\n              <path d=\"m1440 176-218.331 87.333c-87.89 35.156-187.784 21.62-263.149-35.657l-116.67-88.67c-72.014-54.731-171.686-54.731-243.7 0l-116.67 88.67c-75.365 57.277-175.258 70.813-263.149 35.657L0 176v144h1440V176Z\" fill=\"currentColor\"\/>\n            <\/svg>\n                    <\/span>\n      <\/div>\n  <div class=\"section-container\"><div class=\"bde-columns-43-140 bde-columns\"><div class=\"bde-column-43-141 bde-column\">\n  \n  \n\t\n\n\n\n<h4 class=\"bde-heading-43-142 bde-heading\" data-entrance=\"fade\">\n100% Gi\u00e1o vi\u00ean c\u00f3 Ti\u1ebfng Anh l\u00e0 ng\u00f4n ng\u1eef m\u1eb9 \u0111\u1ebb\n<\/h4><h1 class=\"bde-heading-43-143 bde-heading\" data-entrance=\"fade\">\nGi\u00e1o vi\u00ean v\u1eeba t\u00e2m v\u1eeba c\u00f3 t\u1ea7m\n<\/h1><div class=\"bde-text-43-144 bde-text\" data-entrance=\"fade\">\nC\u00e1c gi\u00e1o vi\u00ean \u1edf DigloTeach tin r\u1eb1ng c\u00f3 t\u00e2m, c\u00f3 t\u1ea7m v\u00e0 c\u00f3 s\u1ef1 k\u1ebft n\u1ed1i gi\u1eefa c\u00e1c gi\u00e1o vi\u00ean v\u00e0 h\u1ecdc sinh s\u1ebd \u0111em l\u1ea1i nh\u1eefng ti\u1ebft h\u1ecdc Ti\u1ebfng Anh th\u00fa v\u1ecb v\u00e0 hi\u1ec7u qu\u1ea3 nh\u1ea5t\n<\/div><div class=\"bde-div-43-145 bde-div\">\n  \n  \n\t\n\n\n\n<div class=\"bde-button-43-146 bde-button\" data-entrance=\"fade\">\n    \n                        \n                        \n    \n    \n    \n    \n            \n                    \n            \n            \n\n    \n    \n    \n    \n    \n    <a class=\"breakdance-link button-atom button-atom--custom bde-button__button\" href=\"https:\/\/digloteach.com\/vi\/sach\/\" target=\"_self\" data-type=\"url\"  >\n\n    \n        <span class=\"button-atom__text\">\u0110\u0103ng k\u00fd h\u1ecdc th\u1eadt\/h\u1ecdc th\u1eed<\/span>\n\n        \n        \n                <\/a>\n\n    \n\n\n<\/div><div class=\"bde-button-43-147 bde-button\" data-entrance=\"fade\">\n    \n                        \n                        \n    \n    \n    \n    \n            \n                    \n            \n            \n\n    \n    \n    \n    \n    \n    <a class=\"breakdance-link button-atom button-atom--secondary bde-button__button\" href=\"https:\/\/digloteach.com\/vi\/giao-vien-cua-chung-ta\/#join-our-team\" target=\"_self\" data-type=\"url\"  >\n\n    \n        <span class=\"button-atom__text\">Gia nh\u1eadp \u0111\u1ed9i ng\u0169 c\u1ee7a ch\u00fang t\u00f4i<\/span>\n\n        \n        \n                <\/a>\n\n    \n\n\n<\/div>\n<\/div>\n<\/div><div class=\"bde-column-43-148 bde-column\">\n  \n  \n\t\n\n\n\n<div class=\"bde-image-43-149 bde-image\" data-entrance=\"fade\">\n<figure class=\"breakdance-image breakdance-image--425\">\n\t<div class=\"breakdance-image-container\">\n\t\t<div class=\"breakdance-image-clip\"><img loading=\"lazy\" decoding=\"async\" class=\"breakdance-image-object\" src=\"https:\/\/digloteach.com\/wp-content\/uploads\/2023\/06\/Teacher-trio.png\" width=\"2050\" height=\"2007\" srcset=\"https:\/\/digloteach.com\/wp-content\/uploads\/2023\/06\/Teacher-trio.png 2050w, https:\/\/digloteach.com\/wp-content\/uploads\/2023\/06\/Teacher-trio-300x294.png 300w, https:\/\/digloteach.com\/wp-content\/uploads\/2023\/06\/Teacher-trio-1024x1003.png 1024w, https:\/\/digloteach.com\/wp-content\/uploads\/2023\/06\/Teacher-trio-768x752.png 768w, https:\/\/digloteach.com\/wp-content\/uploads\/2023\/06\/Teacher-trio-1536x1504.png 1536w, https:\/\/digloteach.com\/wp-content\/uploads\/2023\/06\/Teacher-trio-2048x2005.png 2048w\" sizes=\"auto, (max-width: 2050px) 100vw, 2050px\"><\/div>\n\t<\/div><\/figure>\n\n<\/div>\n<\/div><\/div><\/div>\n<\/section><section class=\"bde-section-43-152 bde-section\">\n  \n  \n\t\n\n\n\n<div class=\"section-container\"><\/div>\n<\/section><section id=\"join-our-team\" class=\"bde-section-43-113 bde-section\">\n  \n  \n\t\n\n\n\n        <div class=\"section-shape-divider-wrapper section-shape-divider-wrapper--1\">\n          <span class=\"section-shape-divider\">\n                      <svg\n                xmlns=\"http:\/\/www.w3.org\/2000\/svg\"\n                viewbox=\"0 0 1440 320\"\n                preserveaspectratio=\"none\"\n            >\n              <path d=\"m1440 176-218.331 87.333c-87.89 35.156-187.784 21.62-263.149-35.657l-116.67-88.67c-72.014-54.731-171.686-54.731-243.7 0l-116.67 88.67c-75.365 57.277-175.258 70.813-263.149 35.657L0 176v144h1440V176Z\" fill=\"currentColor\"\/>\n            <\/svg>\n                    <\/span>\n      <\/div>\n  <div class=\"section-container\"><div class=\"bde-columns-43-118 bde-columns\"><div class=\"bde-column-43-119 bde-column\">\n  \n  \n\t\n\n\n\n<div class=\"bde-image-43-115 bde-image\" data-entrance=\"fade\">\n<figure class=\"breakdance-image breakdance-image--208\">\n\t<div class=\"breakdance-image-container\">\n\t\t<div class=\"breakdance-image-clip\"><img loading=\"lazy\" decoding=\"async\" class=\"breakdance-image-object\" src=\"https:\/\/digloteach.com\/wp-content\/uploads\/2023\/06\/Diglo-green-yellow-shapes-tomboy-wave.png\" width=\"1360\" height=\"1001\" srcset=\"https:\/\/digloteach.com\/wp-content\/uploads\/2023\/06\/Diglo-green-yellow-shapes-tomboy-wave.png 1360w, https:\/\/digloteach.com\/wp-content\/uploads\/2023\/06\/Diglo-green-yellow-shapes-tomboy-wave-300x221.png 300w, https:\/\/digloteach.com\/wp-content\/uploads\/2023\/06\/Diglo-green-yellow-shapes-tomboy-wave-1024x754.png 1024w, https:\/\/digloteach.com\/wp-content\/uploads\/2023\/06\/Diglo-green-yellow-shapes-tomboy-wave-768x565.png 768w\" sizes=\"auto, (max-width: 1360px) 100vw, 1360px\"><\/div>\n\t<\/div><\/figure>\n\n<\/div>\n<\/div><div class=\"bde-column-43-120 bde-column\">\n  \n  \n\t\n\n\n\n<h2 class=\"bde-heading-43-117 bde-heading\" data-entrance=\"fade\">\nGia nh\u1eadp \u0111\u1ed9i ng\u0169 c\u1ee7a ch\u00fang t\u00f4i!\n<\/h2><h4 class=\"bde-heading-43-116 bde-heading\" data-entrance=\"fade\">\nB\u1ea1n c\u00f3 ph\u1ea3i l\u00e0 m\u1ed9t gi\u00e1o vi\u00ean nhi\u1ec7t t\u00ecnh, c\u00f3 tr\u00ecnh \u0111\u1ed9?<br>B\u1ea1n c\u00f3 ph\u1ea3i l\u00e0 ng\u01b0\u1eddi n\u00f3i ti\u1ebfng Anh b\u1ea3n x\u1ee9?<br><br>Ch\u00fang t\u00f4i lu\u00f4n t\u00ecm ki\u1ebfm nh\u1eefng ng\u01b0\u1eddi m\u1edbi tham gia v\u00e0o \u0111\u1ed9i ng\u0169 g\u1eafn b\u00f3 nhi\u1ec7t t\u00ecnh c\u1ee7a ch\u00fang t\u00f4i.\n<\/h4><div class=\"bde-button-43-122 bde-button\" data-entrance=\"fade\">\n    \n                                    \n    \n    \n    \n    \n            \n                    \n            \n            \n\n    \n    \n    \n    \n    \n    <a class=\"breakdance-link button-atom button-atom--primary bde-button__button\" href=\"https:\/\/digloteach.com\/vi\/giao-vien-don-mau\/\" target=\"_self\" data-type=\"url\"  >\n\n    \n        <span class=\"button-atom__text\">\u0110i\u1ec1n \u0111\u01a1n \u0111\u0103ng k\u00fd<\/span>\n\n        \n        \n                <\/a>\n\n    \n\n\n<\/div>\n<\/div><\/div><\/div>\n<\/section><\/div>","protected":false},"excerpt":{"rendered":"<p>Native English Speakers Qualified, Caring Teachers Our experienced teachers understand the importance of connecting with students to build strong relationships and tailor their lessons to meet each student&#8217;s individual learning needs. We believe that this personalized approach is essential to creating an enjoyable and effective learning experience for our students. Book a Trial Join Our [&hellip;]<\/p>\n","protected":false},"author":1,"featured_media":0,"parent":0,"menu_order":0,"comment_status":"closed","ping_status":"closed","template":"","meta":{"_acf_changed":false,"_breakdance_hide_in_design_set":false,"_breakdance_tags":"","footnotes":""},"class_list":["post-43","page","type-page","status-publish","hentry"],"acf":[],"yoast_head":"<!-- This site is optimized with the Yoast SEO plugin v26.9 - https:\/\/yoast.com\/product\/yoast-seo-wordpress\/ -->\n<title>Our Teachers - Diglo Teach - Online English Classes for Kids<\/title>\n<meta name=\"description\" content=\"Our qualified, native English speaking Teachers understand the importance of building strong relationships with students. Book a Trial lesson today!\" \/>\n<meta name=\"robots\" content=\"index, follow, max-snippet:-1, max-image-preview:large, max-video-preview:-1\" \/>\n<link rel=\"canonical\" href=\"https:\/\/digloteach.com\/vi\/giao-vien-cua-chung-ta\/\" \/>\n<meta property=\"og:locale\" content=\"vi_VN\" \/>\n<meta property=\"og:type\" content=\"article\" \/>\n<meta property=\"og:title\" content=\"Our Teachers - Diglo Teach - Online English Classes for Kids\" \/>\n<meta property=\"og:description\" content=\"Our qualified, native English speaking Teachers understand the importance of building strong relationships with students. Book a Trial lesson today!\" \/>\n<meta property=\"og:url\" content=\"https:\/\/digloteach.com\/vi\/giao-vien-cua-chung-ta\/\" \/>\n<meta property=\"og:site_name\" content=\"Diglo Teach\" \/>\n<meta property=\"article:publisher\" content=\"https:\/\/www.facebook.com\/profile.php?id=100092937623862\" \/>\n<meta property=\"article:modified_time\" content=\"2023-08-15T01:25:57+00:00\" \/>\n<meta name=\"twitter:card\" content=\"summary_large_image\" \/>\n<script type=\"application\/ld+json\" class=\"yoast-schema-graph\">{\"@context\":\"https:\/\/schema.org\",\"@graph\":[{\"@type\":\"WebPage\",\"@id\":\"https:\/\/digloteach.com\/our-teachers\/\",\"url\":\"https:\/\/digloteach.com\/our-teachers\/\",\"name\":\"Our Teachers - Diglo Teach - Online English Classes for Kids\",\"isPartOf\":{\"@id\":\"https:\/\/digloteach.com\/#website\"},\"datePublished\":\"2023-06-14T23:32:39+00:00\",\"dateModified\":\"2023-08-15T01:25:57+00:00\",\"description\":\"Our qualified, native English speaking Teachers understand the importance of building strong relationships with students. Book a Trial lesson today!\",\"breadcrumb\":{\"@id\":\"https:\/\/digloteach.com\/our-teachers\/#breadcrumb\"},\"inLanguage\":\"vi\",\"potentialAction\":[{\"@type\":\"ReadAction\",\"target\":[\"https:\/\/digloteach.com\/our-teachers\/\"]}]},{\"@type\":\"BreadcrumbList\",\"@id\":\"https:\/\/digloteach.com\/our-teachers\/#breadcrumb\",\"itemListElement\":[{\"@type\":\"ListItem\",\"position\":1,\"name\":\"Home\",\"item\":\"https:\/\/digloteach.com\/\"},{\"@type\":\"ListItem\",\"position\":2,\"name\":\"Our Teachers\"}]},{\"@type\":\"WebSite\",\"@id\":\"https:\/\/digloteach.com\/#website\",\"url\":\"https:\/\/digloteach.com\/\",\"name\":\"Diglo Teach\",\"description\":\"Where Learning Meets Adventure\",\"publisher\":{\"@id\":\"https:\/\/digloteach.com\/#organization\"},\"potentialAction\":[{\"@type\":\"SearchAction\",\"target\":{\"@type\":\"EntryPoint\",\"urlTemplate\":\"https:\/\/digloteach.com\/?s={search_term_string}\"},\"query-input\":{\"@type\":\"PropertyValueSpecification\",\"valueRequired\":true,\"valueName\":\"search_term_string\"}}],\"inLanguage\":\"vi\"},{\"@type\":\"Organization\",\"@id\":\"https:\/\/digloteach.com\/#organization\",\"name\":\"Diglo Teach\",\"url\":\"https:\/\/digloteach.com\/\",\"logo\":{\"@type\":\"ImageObject\",\"inLanguage\":\"vi\",\"@id\":\"https:\/\/digloteach.com\/#\/schema\/logo\/image\/\",\"url\":\"https:\/\/digloteach.com\/wp-content\/uploads\/2023\/06\/diglo_logo.png\",\"contentUrl\":\"https:\/\/digloteach.com\/wp-content\/uploads\/2023\/06\/diglo_logo.png\",\"width\":343,\"height\":157,\"caption\":\"Diglo Teach\"},\"image\":{\"@id\":\"https:\/\/digloteach.com\/#\/schema\/logo\/image\/\"},\"sameAs\":[\"https:\/\/www.facebook.com\/profile.php?id=100092937623862\",\"https:\/\/www.instagram.com\/digloteach\/\",\"https:\/\/www.tiktok.com\/@digloteach\"]}]}<\/script>\n<!-- \/ Yoast SEO plugin. -->","yoast_head_json":{"title":"Gi\u00e1o Vi\u00ean C\u1ee7a Ch\u00fang T\u00f4i - Diglo Teach - L\u1edbp H\u1ecdc Ti\u1ebfng Anh Tr\u1ef1c Tuy\u1ebfn Cho Tr\u1ebb Em","description":"C\u00e1c gi\u00e1o vi\u00ean n\u00f3i ti\u1ebfng Anh b\u1ea3n ng\u1eef, c\u00f3 tr\u00ecnh \u0111\u1ed9 c\u1ee7a ch\u00fang t\u00f4i hi\u1ec3u t\u1ea7m quan tr\u1ecdng c\u1ee7a vi\u1ec7c x\u00e2y d\u1ef1ng m\u1ed1i quan h\u1ec7 b\u1ec1n ch\u1eb7t v\u1edbi h\u1ecdc sinh. \u0110\u1eb7t m\u1ed9t b\u00e0i h\u1ecdc th\u1eed ngay h\u00f4m nay!","robots":{"index":"index","follow":"follow","max-snippet":"max-snippet:-1","max-image-preview":"max-image-preview:large","max-video-preview":"max-video-preview:-1"},"canonical":"https:\/\/digloteach.com\/vi\/giao-vien-cua-chung-ta\/","og_locale":"vi_VN","og_type":"article","og_title":"Our Teachers - Diglo Teach - Online English Classes for Kids","og_description":"Our qualified, native English speaking Teachers understand the importance of building strong relationships with students. Book a Trial lesson today!","og_url":"https:\/\/digloteach.com\/vi\/giao-vien-cua-chung-ta\/","og_site_name":"Diglo Teach","article_publisher":"https:\/\/www.facebook.com\/profile.php?id=100092937623862","article_modified_time":"2023-08-15T01:25:57+00:00","twitter_card":"summary_large_image","schema":{"@context":"https:\/\/schema.org","@graph":[{"@type":"WebPage","@id":"https:\/\/digloteach.com\/our-teachers\/","url":"https:\/\/digloteach.com\/our-teachers\/","name":"Gi\u00e1o Vi\u00ean C\u1ee7a Ch\u00fang T\u00f4i - Diglo Teach - L\u1edbp H\u1ecdc Ti\u1ebfng Anh Tr\u1ef1c Tuy\u1ebfn Cho Tr\u1ebb Em","isPartOf":{"@id":"https:\/\/digloteach.com\/#website"},"datePublished":"2023-06-14T23:32:39+00:00","dateModified":"2023-08-15T01:25:57+00:00","description":"C\u00e1c gi\u00e1o vi\u00ean n\u00f3i ti\u1ebfng Anh b\u1ea3n ng\u1eef, c\u00f3 tr\u00ecnh \u0111\u1ed9 c\u1ee7a ch\u00fang t\u00f4i hi\u1ec3u t\u1ea7m quan tr\u1ecdng c\u1ee7a vi\u1ec7c x\u00e2y d\u1ef1ng m\u1ed1i quan h\u1ec7 b\u1ec1n ch\u1eb7t v\u1edbi h\u1ecdc sinh. \u0110\u1eb7t m\u1ed9t b\u00e0i h\u1ecdc th\u1eed ngay h\u00f4m nay!","breadcrumb":{"@id":"https:\/\/digloteach.com\/our-teachers\/#breadcrumb"},"inLanguage":"vi","potentialAction":[{"@type":"ReadAction","target":["https:\/\/digloteach.com\/our-teachers\/"]}]},{"@type":"BreadcrumbList","@id":"https:\/\/digloteach.com\/our-teachers\/#breadcrumb","itemListElement":[{"@type":"ListItem","position":1,"name":"Home","item":"https:\/\/digloteach.com\/"},{"@type":"ListItem","position":2,"name":"Our Teachers"}]},{"@type":"WebSite","@id":"https:\/\/digloteach.com\/#website","url":"https:\/\/digloteach.com\/","name":"\u0110\u00e0o t\u1ea1o Diglo","description":"N\u01a1i h\u1ecdc t\u1eadp \u0111\u00e1p \u1ee9ng cu\u1ed9c phi\u00eau l\u01b0u","publisher":{"@id":"https:\/\/digloteach.com\/#organization"},"potentialAction":[{"@type":"SearchAction","target":{"@type":"EntryPoint","urlTemplate":"https:\/\/digloteach.com\/?s={search_term_string}"},"query-input":{"@type":"PropertyValueSpecification","valueRequired":true,"valueName":"search_term_string"}}],"inLanguage":"vi"},{"@type":"Organization","@id":"https:\/\/digloteach.com\/#organization","name":"\u0110\u00e0o t\u1ea1o Diglo","url":"https:\/\/digloteach.com\/","logo":{"@type":"ImageObject","inLanguage":"vi","@id":"https:\/\/digloteach.com\/#\/schema\/logo\/image\/","url":"https:\/\/digloteach.com\/wp-content\/uploads\/2023\/06\/diglo_logo.png","contentUrl":"https:\/\/digloteach.com\/wp-content\/uploads\/2023\/06\/diglo_logo.png","width":343,"height":157,"caption":"Diglo Teach"},"image":{"@id":"https:\/\/digloteach.com\/#\/schema\/logo\/image\/"},"sameAs":["https:\/\/www.facebook.com\/profile.php?id=100092937623862","https:\/\/www.instagram.com\/digloteach\/","https:\/\/www.tiktok.com\/@digloteach"]}]}},"_links":{"self":[{"href":"https:\/\/digloteach.com\/vi\/wp-json\/wp\/v2\/pages\/43","targetHints":{"allow":["GET"]}}],"collection":[{"href":"https:\/\/digloteach.com\/vi\/wp-json\/wp\/v2\/pages"}],"about":[{"href":"https:\/\/digloteach.com\/vi\/wp-json\/wp\/v2\/types\/page"}],"author":[{"embeddable":true,"href":"https:\/\/digloteach.com\/vi\/wp-json\/wp\/v2\/users\/1"}],"replies":[{"embeddable":true,"href":"https:\/\/digloteach.com\/vi\/wp-json\/wp\/v2\/comments?post=43"}],"version-history":[{"count":42,"href":"https:\/\/digloteach.com\/vi\/wp-json\/wp\/v2\/pages\/43\/revisions"}],"predecessor-version":[{"id":1121,"href":"https:\/\/digloteach.com\/vi\/wp-json\/wp\/v2\/pages\/43\/revisions\/1121"}],"wp:attachment":[{"href":"https:\/\/digloteach.com\/vi\/wp-json\/wp\/v2\/media?parent=43"}],"curies":[{"name":"wp","href":"https:\/\/api.w.org\/{rel}","templated":true}]}}