{"id":452,"date":"2023-06-28T13:02:26","date_gmt":"2023-06-28T01:02:26","guid":{"rendered":"https:\/\/diglo.allteams.dev\/?page_id=452"},"modified":"2023-07-14T20:24:14","modified_gmt":"2023-07-14T08:24:14","slug":"code-of-conduct","status":"publish","type":"page","link":"https:\/\/digloteach.com\/vi\/quy-tac-ung-xu\/","title":{"rendered":"Quy t\u1eafc \u1ee9ng x\u1eed"},"content":{"rendered":"<div class='breakdance'><section class=\"bde-section-452-100 bde-section\">\n  \n  \n\t\n\n\n\n        <div class=\"section-shape-divider-wrapper section-shape-divider-wrapper--1\">\n          <span class=\"section-shape-divider\">\n                      <svg\n                xmlns=\"http:\/\/www.w3.org\/2000\/svg\"\n                viewbox=\"0 0 1440 320\"\n                preserveaspectratio=\"none\"\n            >\n              <path d=\"m1440 176-218.331 87.333c-87.89 35.156-187.784 21.62-263.149-35.657l-116.67-88.67c-72.014-54.731-171.686-54.731-243.7 0l-116.67 88.67c-75.365 57.277-175.258 70.813-263.149 35.657L0 176v144h1440V176Z\" fill=\"currentColor\"\/>\n            <\/svg>\n                    <\/span>\n      <\/div>\n  <div class=\"section-container\"><div class=\"bde-div-452-101 bde-div\">\n  \n  \n\t\n\n\n\n<div id=\"faq-red-zigzag\" class=\"bde-image-452-102 bde-image\">\n<figure class=\"breakdance-image breakdance-image--264\">\n\t<div class=\"breakdance-image-container\">\n\t\t<div class=\"breakdance-image-clip\"><img loading=\"lazy\" decoding=\"async\" class=\"breakdance-image-object\" src=\"https:\/\/digloteach.com\/wp-content\/uploads\/2023\/06\/zigzag-red@4x.png\" width=\"214\" height=\"98\" sizes=\"auto, (max-width: 214px) 100vw, 214px\"><\/div>\n\t<\/div><\/figure>\n\n<\/div><div id=\"faq-red-zigzag\" class=\"bde-image-452-103 bde-image\">\n<figure class=\"breakdance-image breakdance-image--266\">\n\t<div class=\"breakdance-image-container\">\n\t\t<div class=\"breakdance-image-clip\"><img loading=\"lazy\" decoding=\"async\" class=\"breakdance-image-object\" src=\"https:\/\/digloteach.com\/wp-content\/uploads\/2023\/06\/red-zigzag-horiz.png\" width=\"230\" height=\"172\" sizes=\"auto, (max-width: 230px) 100vw, 230px\"><\/div>\n\t<\/div><\/figure>\n\n<\/div><div id=\"faq-red-zigzag\" class=\"bde-image-452-104 bde-image\">\n<figure class=\"breakdance-image breakdance-image--266\">\n\t<div class=\"breakdance-image-container\">\n\t\t<div class=\"breakdance-image-clip\"><img loading=\"lazy\" decoding=\"async\" class=\"breakdance-image-object\" src=\"https:\/\/digloteach.com\/wp-content\/uploads\/2023\/06\/red-zigzag-horiz.png\" width=\"230\" height=\"172\" sizes=\"auto, (max-width: 230px) 100vw, 230px\"><\/div>\n\t<\/div><\/figure>\n\n<\/div><div id=\"faq-red-zigzag\" class=\"bde-image-452-105 bde-image\">\n<figure class=\"breakdance-image breakdance-image--258\">\n\t<div class=\"breakdance-image-container\">\n\t\t<div class=\"breakdance-image-clip\"><img loading=\"lazy\" decoding=\"async\" class=\"breakdance-image-object\" src=\"https:\/\/digloteach.com\/wp-content\/uploads\/2023\/06\/Asset-4@4x-1.png\" width=\"151\" height=\"151\" sizes=\"auto, (max-width: 151px) 100vw, 151px\"><\/div>\n\t<\/div><\/figure>\n\n<\/div>\n<\/div><h1 class=\"bde-heading-452-106 bde-heading\">\nQuy t\u1eafc \u1ee9ng x\u1eed\n<\/h1><div class=\"bde-text-452-128 bde-text\">\n1. T\u00f4n tr\u1ecdng gi\u00e1o vi\u00ean b\u1eb1ng c\u00e1ch kh\u00f4ng s\u1eed d\u1ee5ng ng\u00f4n ng\u1eef x\u00fac ph\u1ea1m ho\u1eb7c c\u00f3 h\u00e0nh vi thi\u1ebfu t\u00f4n tr\u1ecdng.<br><br>2. Tham gia h\u1ecdc \u0111\u00fang gi\u1edd v\u00e0 chu\u1ea9n b\u1ecb \u0111\u1ea7y \u0111\u1ee7 t\u00e0i li\u1ec7u, thi\u1ebft b\u1ecb c\u1ea7n thi\u1ebft.<br><br>3. Tr\u00e1nh h\u00e0nh vi g\u00e2y r\u1ed1i nh\u01b0 n\u00f3i l\u1ea5n \u00e1t ng\u01b0\u1eddi kh\u00e1c, l\u00e0m gi\u00e1o vi\u00ean m\u1ea5t t\u1eadp trung ho\u1eb7c tham gia v\u00e0o b\u1ea5t k\u1ef3 ho\u1ea1t \u0111\u1ed9ng n\u00e0o kh\u00e1c g\u00e2y r\u1ed1i cho m\u00f4i tr\u01b0\u1eddng h\u1ecdc t\u1eadp.<br><br>4. Kh\u00f4ng s\u1eed d\u1ee5ng \u0111i\u1ec7n tho\u1ea1i di \u0111\u1ed9ng ho\u1eb7c c\u00e1c thi\u1ebft b\u1ecb kh\u00e1c trong gi\u1edd h\u1ecdc, tr\u1eeb tr\u01b0\u1eddng h\u1ee3p c\u1ea7n thi\u1ebft cho ho\u1ea1t \u0111\u1ed9ng h\u1ecdc t\u1eadp.<br><br>5. T\u00f4n tr\u1ecdng th\u1eddi gian c\u1ee7a gi\u00e1o vi\u00ean v\u00e0 vui l\u00f2ng kh\u00f4ng li\u00ean l\u1ea1c v\u1edbi h\u1ecd tr\u1eeb khi \u0111i\u1ec1u \u0111\u00f3 l\u00e0 c\u1ea7n thi\u1ebft cho vi\u1ec7c h\u1ecdc t\u1eadp c\u1ee7a h\u1ecdc sinh.<br><br>6. Th\u00f4ng b\u00e1o ngay cho gi\u00e1o vi\u00ean ho\u1eb7c ban qu\u1ea3n l\u00fd Diglo Teach n\u1ebfu c\u00f3 b\u1ea5t k\u1ef3 v\u1ea5n \u0111\u1ec1 ho\u1eb7c th\u1eafc m\u1eafc n\u00e0o ph\u00e1t sinh trong qu\u00e1 tr\u00ecnh h\u1ecdc.<br><br>7. Kh\u00f4ng \u0103n trong l\u1edbp. C\u00f3 \u0111\u1ed3 \u0103n nh\u1eb9 trong l\u1edbp t\u1ea1o ra s\u1ef1 ph\u00e2n t\u00e2m v\u00e0 c\u1ea5m h\u1ecdc sinh ph\u00e1t bi\u1ec3u. H\u00e3y \u0111\u1ea3m b\u1ea3o \u0103n nh\u1eb9 tr\u01b0\u1edbc ho\u1eb7c sau bu\u1ed5i h\u1ecdc c\u1ee7a b\u1ea1n!<br><br>8. Tu\u00e2n theo t\u1ea5t c\u1ea3 c\u00e1c quy t\u1eafc v\u00e0 h\u01b0\u1edbng d\u1eabn do Diglo Teach v\u00e0 gi\u00e1o vi\u00ean \u0111\u1eb7t ra, \u0111\u1ed3ng th\u1eddi tu\u00e2n th\u1ee7 c\u00e1c \u0111i\u1ec1u kho\u1ea3n v\u00e0 \u0111i\u1ec1u ki\u1ec7n c\u1ee7a d\u1ecbch v\u1ee5.<br><br>Vi\u1ec7c kh\u00f4ng tu\u00e2n th\u1ee7 c\u00e1c quy t\u1eafc v\u00e0 h\u01b0\u1edbng d\u1eabn n\u00e0y c\u00f3 th\u1ec3 d\u1eabn \u0111\u1ebfn h\u00e0nh \u0111\u1ed9ng k\u1ef7 lu\u1eadt, bao g\u1ed3m nh\u01b0ng kh\u00f4ng gi\u1edbi h\u1ea1n \u1edf vi\u1ec7c \u0111\u00ecnh ch\u1ec9 ho\u1eb7c ch\u1ea5m d\u1ee9t d\u1ecbch v\u1ee5 m\u00e0 kh\u00f4ng ho\u00e0n l\u1ea1i ti\u1ec1n.<br>\n<\/div><\/div>\n<\/section><\/div>","protected":false},"excerpt":{"rendered":"<p>Code of Conduct 1. Respect the teacher by refraining from using offensive language or engaging in disrespectful behavior.2. Attend lessons on time and be prepared with the necessary materials and equipment.3. Avoid disruptive behavior such as talking over others, distracting the teacher, or engaging in any other activity that disrupts the learning environment.4. Refrain from [&hellip;]<\/p>\n","protected":false},"author":1,"featured_media":0,"parent":0,"menu_order":0,"comment_status":"closed","ping_status":"closed","template":"","meta":{"_acf_changed":false,"_breakdance_hide_in_design_set":false,"_breakdance_tags":"","footnotes":""},"class_list":["post-452","page","type-page","status-publish","hentry"],"acf":[],"yoast_head":"<!-- This site is optimized with the Yoast SEO plugin v26.9 - https:\/\/yoast.com\/product\/yoast-seo-wordpress\/ -->\n<title>Code of Conduct - Diglo Teach<\/title>\n<meta name=\"robots\" content=\"index, follow, max-snippet:-1, max-image-preview:large, max-video-preview:-1\" \/>\n<link rel=\"canonical\" href=\"https:\/\/digloteach.com\/vi\/quy-tac-ung-xu\/\" \/>\n<meta property=\"og:locale\" content=\"vi_VN\" \/>\n<meta property=\"og:type\" content=\"article\" \/>\n<meta property=\"og:title\" content=\"Code of Conduct - Diglo Teach\" \/>\n<meta property=\"og:description\" content=\"Code of Conduct 1. Respect the teacher by refraining from using offensive language or engaging in disrespectful behavior.2. Attend lessons on time and be prepared with the necessary materials and equipment.3. Avoid disruptive behavior such as talking over others, distracting the teacher, or engaging in any other activity that disrupts the learning environment.4. Refrain from [&hellip;]\" \/>\n<meta property=\"og:url\" content=\"https:\/\/digloteach.com\/vi\/quy-tac-ung-xu\/\" \/>\n<meta property=\"og:site_name\" content=\"Diglo Teach\" \/>\n<meta property=\"article:publisher\" content=\"https:\/\/www.facebook.com\/profile.php?id=100092937623862\" \/>\n<meta property=\"article:modified_time\" content=\"2023-07-14T08:24:14+00:00\" \/>\n<meta name=\"twitter:card\" content=\"summary_large_image\" \/>\n<script type=\"application\/ld+json\" class=\"yoast-schema-graph\">{\"@context\":\"https:\/\/schema.org\",\"@graph\":[{\"@type\":\"WebPage\",\"@id\":\"https:\/\/digloteach.com\/code-of-conduct\/\",\"url\":\"https:\/\/digloteach.com\/code-of-conduct\/\",\"name\":\"Code of Conduct - Diglo Teach\",\"isPartOf\":{\"@id\":\"https:\/\/digloteach.com\/#website\"},\"datePublished\":\"2023-06-28T01:02:26+00:00\",\"dateModified\":\"2023-07-14T08:24:14+00:00\",\"breadcrumb\":{\"@id\":\"https:\/\/digloteach.com\/code-of-conduct\/#breadcrumb\"},\"inLanguage\":\"vi\",\"potentialAction\":[{\"@type\":\"ReadAction\",\"target\":[\"https:\/\/digloteach.com\/code-of-conduct\/\"]}]},{\"@type\":\"BreadcrumbList\",\"@id\":\"https:\/\/digloteach.com\/code-of-conduct\/#breadcrumb\",\"itemListElement\":[{\"@type\":\"ListItem\",\"position\":1,\"name\":\"Home\",\"item\":\"https:\/\/digloteach.com\/\"},{\"@type\":\"ListItem\",\"position\":2,\"name\":\"Code of Conduct\"}]},{\"@type\":\"WebSite\",\"@id\":\"https:\/\/digloteach.com\/#website\",\"url\":\"https:\/\/digloteach.com\/\",\"name\":\"Diglo Teach\",\"description\":\"Where Learning Meets Adventure\",\"publisher\":{\"@id\":\"https:\/\/digloteach.com\/#organization\"},\"potentialAction\":[{\"@type\":\"SearchAction\",\"target\":{\"@type\":\"EntryPoint\",\"urlTemplate\":\"https:\/\/digloteach.com\/?s={search_term_string}\"},\"query-input\":{\"@type\":\"PropertyValueSpecification\",\"valueRequired\":true,\"valueName\":\"search_term_string\"}}],\"inLanguage\":\"vi\"},{\"@type\":\"Organization\",\"@id\":\"https:\/\/digloteach.com\/#organization\",\"name\":\"Diglo Teach\",\"url\":\"https:\/\/digloteach.com\/\",\"logo\":{\"@type\":\"ImageObject\",\"inLanguage\":\"vi\",\"@id\":\"https:\/\/digloteach.com\/#\/schema\/logo\/image\/\",\"url\":\"https:\/\/digloteach.com\/wp-content\/uploads\/2023\/06\/diglo_logo.png\",\"contentUrl\":\"https:\/\/digloteach.com\/wp-content\/uploads\/2023\/06\/diglo_logo.png\",\"width\":343,\"height\":157,\"caption\":\"Diglo Teach\"},\"image\":{\"@id\":\"https:\/\/digloteach.com\/#\/schema\/logo\/image\/\"},\"sameAs\":[\"https:\/\/www.facebook.com\/profile.php?id=100092937623862\",\"https:\/\/www.instagram.com\/digloteach\/\",\"https:\/\/www.tiktok.com\/@digloteach\"]}]}<\/script>\n<!-- \/ Yoast SEO plugin. -->","yoast_head_json":{"title":"Quy T\u1eafc \u1ee8ng X\u1eed - Diglo Teach","robots":{"index":"index","follow":"follow","max-snippet":"max-snippet:-1","max-image-preview":"max-image-preview:large","max-video-preview":"max-video-preview:-1"},"canonical":"https:\/\/digloteach.com\/vi\/quy-tac-ung-xu\/","og_locale":"vi_VN","og_type":"article","og_title":"Code of Conduct - Diglo Teach","og_description":"Code of Conduct 1. Respect the teacher by refraining from using offensive language or engaging in disrespectful behavior.2. Attend lessons on time and be prepared with the necessary materials and equipment.3. Avoid disruptive behavior such as talking over others, distracting the teacher, or engaging in any other activity that disrupts the learning environment.4. Refrain from [&hellip;]","og_url":"https:\/\/digloteach.com\/vi\/quy-tac-ung-xu\/","og_site_name":"Diglo Teach","article_publisher":"https:\/\/www.facebook.com\/profile.php?id=100092937623862","article_modified_time":"2023-07-14T08:24:14+00:00","twitter_card":"summary_large_image","schema":{"@context":"https:\/\/schema.org","@graph":[{"@type":"WebPage","@id":"https:\/\/digloteach.com\/code-of-conduct\/","url":"https:\/\/digloteach.com\/code-of-conduct\/","name":"Quy T\u1eafc \u1ee8ng X\u1eed - Diglo Teach","isPartOf":{"@id":"https:\/\/digloteach.com\/#website"},"datePublished":"2023-06-28T01:02:26+00:00","dateModified":"2023-07-14T08:24:14+00:00","breadcrumb":{"@id":"https:\/\/digloteach.com\/code-of-conduct\/#breadcrumb"},"inLanguage":"vi","potentialAction":[{"@type":"ReadAction","target":["https:\/\/digloteach.com\/code-of-conduct\/"]}]},{"@type":"BreadcrumbList","@id":"https:\/\/digloteach.com\/code-of-conduct\/#breadcrumb","itemListElement":[{"@type":"ListItem","position":1,"name":"Home","item":"https:\/\/digloteach.com\/"},{"@type":"ListItem","position":2,"name":"Code of Conduct"}]},{"@type":"WebSite","@id":"https:\/\/digloteach.com\/#website","url":"https:\/\/digloteach.com\/","name":"\u0110\u00e0o t\u1ea1o Diglo","description":"N\u01a1i h\u1ecdc t\u1eadp \u0111\u00e1p \u1ee9ng cu\u1ed9c phi\u00eau l\u01b0u","publisher":{"@id":"https:\/\/digloteach.com\/#organization"},"potentialAction":[{"@type":"SearchAction","target":{"@type":"EntryPoint","urlTemplate":"https:\/\/digloteach.com\/?s={search_term_string}"},"query-input":{"@type":"PropertyValueSpecification","valueRequired":true,"valueName":"search_term_string"}}],"inLanguage":"vi"},{"@type":"Organization","@id":"https:\/\/digloteach.com\/#organization","name":"\u0110\u00e0o t\u1ea1o Diglo","url":"https:\/\/digloteach.com\/","logo":{"@type":"ImageObject","inLanguage":"vi","@id":"https:\/\/digloteach.com\/#\/schema\/logo\/image\/","url":"https:\/\/digloteach.com\/wp-content\/uploads\/2023\/06\/diglo_logo.png","contentUrl":"https:\/\/digloteach.com\/wp-content\/uploads\/2023\/06\/diglo_logo.png","width":343,"height":157,"caption":"Diglo Teach"},"image":{"@id":"https:\/\/digloteach.com\/#\/schema\/logo\/image\/"},"sameAs":["https:\/\/www.facebook.com\/profile.php?id=100092937623862","https:\/\/www.instagram.com\/digloteach\/","https:\/\/www.tiktok.com\/@digloteach"]}]}},"_links":{"self":[{"href":"https:\/\/digloteach.com\/vi\/wp-json\/wp\/v2\/pages\/452","targetHints":{"allow":["GET"]}}],"collection":[{"href":"https:\/\/digloteach.com\/vi\/wp-json\/wp\/v2\/pages"}],"about":[{"href":"https:\/\/digloteach.com\/vi\/wp-json\/wp\/v2\/types\/page"}],"author":[{"embeddable":true,"href":"https:\/\/digloteach.com\/vi\/wp-json\/wp\/v2\/users\/1"}],"replies":[{"embeddable":true,"href":"https:\/\/digloteach.com\/vi\/wp-json\/wp\/v2\/comments?post=452"}],"version-history":[{"count":5,"href":"https:\/\/digloteach.com\/vi\/wp-json\/wp\/v2\/pages\/452\/revisions"}],"predecessor-version":[{"id":1003,"href":"https:\/\/digloteach.com\/vi\/wp-json\/wp\/v2\/pages\/452\/revisions\/1003"}],"wp:attachment":[{"href":"https:\/\/digloteach.com\/vi\/wp-json\/wp\/v2\/media?parent=452"}],"curies":[{"name":"wp","href":"https:\/\/api.w.org\/{rel}","templated":true}]}}