{"id":455,"date":"2023-06-28T13:05:11","date_gmt":"2023-06-28T01:05:11","guid":{"rendered":"https:\/\/diglo.allteams.dev\/?page_id=455"},"modified":"2023-07-06T17:23:56","modified_gmt":"2023-07-06T05:23:56","slug":"terms-and-conditions","status":"publish","type":"page","link":"https:\/\/digloteach.com\/vi\/cac-dieu-khoan-va-dieu-kien\/","title":{"rendered":"C\u00e1c \u0111i\u1ec1u kho\u1ea3n"},"content":{"rendered":"<div class='breakdance'><section class=\"bde-section-455-100 bde-section\">\n  \n  \n\t\n\n\n\n        <div class=\"section-shape-divider-wrapper section-shape-divider-wrapper--1\">\n          <span class=\"section-shape-divider\">\n                      <svg\n                xmlns=\"http:\/\/www.w3.org\/2000\/svg\"\n                viewbox=\"0 0 1440 320\"\n                preserveaspectratio=\"none\"\n            >\n              <path d=\"m1440 176-218.331 87.333c-87.89 35.156-187.784 21.62-263.149-35.657l-116.67-88.67c-72.014-54.731-171.686-54.731-243.7 0l-116.67 88.67c-75.365 57.277-175.258 70.813-263.149 35.657L0 176v144h1440V176Z\" fill=\"currentColor\"\/>\n            <\/svg>\n                    <\/span>\n      <\/div>\n  <div class=\"section-container\"><div class=\"bde-div-455-101 bde-div\">\n  \n  \n\t\n\n\n\n<div id=\"faq-red-zigzag\" class=\"bde-image-455-102 bde-image\">\n<figure class=\"breakdance-image breakdance-image--264\">\n\t<div class=\"breakdance-image-container\">\n\t\t<div class=\"breakdance-image-clip\"><img loading=\"lazy\" decoding=\"async\" class=\"breakdance-image-object\" src=\"https:\/\/digloteach.com\/wp-content\/uploads\/2023\/06\/zigzag-red@4x.png\" width=\"214\" height=\"98\" sizes=\"auto, (max-width: 214px) 100vw, 214px\"><\/div>\n\t<\/div><\/figure>\n\n<\/div><div id=\"faq-red-zigzag\" class=\"bde-image-455-103 bde-image\">\n<figure class=\"breakdance-image breakdance-image--266\">\n\t<div class=\"breakdance-image-container\">\n\t\t<div class=\"breakdance-image-clip\"><img loading=\"lazy\" decoding=\"async\" class=\"breakdance-image-object\" src=\"https:\/\/digloteach.com\/wp-content\/uploads\/2023\/06\/red-zigzag-horiz.png\" width=\"230\" height=\"172\" sizes=\"auto, (max-width: 230px) 100vw, 230px\"><\/div>\n\t<\/div><\/figure>\n\n<\/div><div id=\"faq-red-zigzag\" class=\"bde-image-455-104 bde-image\">\n<figure class=\"breakdance-image breakdance-image--266\">\n\t<div class=\"breakdance-image-container\">\n\t\t<div class=\"breakdance-image-clip\"><img loading=\"lazy\" decoding=\"async\" class=\"breakdance-image-object\" src=\"https:\/\/digloteach.com\/wp-content\/uploads\/2023\/06\/red-zigzag-horiz.png\" width=\"230\" height=\"172\" sizes=\"auto, (max-width: 230px) 100vw, 230px\"><\/div>\n\t<\/div><\/figure>\n\n<\/div><div id=\"faq-red-zigzag\" class=\"bde-image-455-105 bde-image\">\n<figure class=\"breakdance-image breakdance-image--258\">\n\t<div class=\"breakdance-image-container\">\n\t\t<div class=\"breakdance-image-clip\"><img loading=\"lazy\" decoding=\"async\" class=\"breakdance-image-object\" src=\"https:\/\/digloteach.com\/wp-content\/uploads\/2023\/06\/Asset-4@4x-1.png\" width=\"151\" height=\"151\" sizes=\"auto, (max-width: 151px) 100vw, 151px\"><\/div>\n\t<\/div><\/figure>\n\n<\/div>\n<\/div><h1 class=\"bde-heading-455-106 bde-heading\">\nC\u00e1c \u0111i\u1ec1u kho\u1ea3n\n<\/h1><div class=\"bde-text-455-128 bde-text\">\n1. Diglo Teach cung c\u1ea5p d\u1ecbch v\u1ee5 h\u1ecdc ti\u1ebfng Anh tr\u1ef1c tuy\u1ebfn cho h\u1ecdc vi\u00ean \u1edf m\u1ecdi l\u1ee9a tu\u1ed5i v\u00e0 tr\u00ecnh \u0111\u1ed9.<br><br>2. C\u1ea7n thanh to\u00e1n tr\u01b0\u1edbc cho g\u00f3i b\u00e0i h\u1ecdc \u0111\u00e3 ch\u1ecdn. C\u00e1c g\u00f3i kh\u00f4ng \u0111\u01b0\u1ee3c ho\u00e0n l\u1ea1i v\u00e0 kh\u00f4ng th\u1ec3 chuy\u1ec3n nh\u01b0\u1ee3ng.<br><br>3. C\u00e1c bu\u1ed5i h\u1ecdc ph\u1ea3i \u0111\u01b0\u1ee3c l\u00ean l\u1ecbch tr\u01b0\u1edbc v\u00e0 kh\u00f4ng th\u1ec3 \u0111i\u1ec1u ch\u1ec9nh ho\u1eb7c s\u1eafp x\u1ebfp l\u1ea1i l\u1ecbch h\u1ecdc trong v\u00f2ng 24 gi\u1edd k\u1ec3 t\u1eeb gi\u1edd h\u1ecdc. Vi\u1ec7c kh\u00f4ng tham d\u1ef1 m\u1ed9t bu\u1ed5i h\u1ecdc theo l\u1ecbch tr\u00ecnh s\u1ebd d\u1eabn \u0111\u1ebfn m\u1ed9t bu\u1ed5i h\u1ecdc b\u1ecb b\u1ecf l\u1ee1 kh\u00f4ng ho\u00e0n l\u1ea1i.<br><br>4. Diglo Teach c\u00f3 quy\u1ec1n h\u1ee7y b\u1ecf ho\u1eb7c s\u1eafp x\u1ebfp l\u1ea1i c\u00e1c b\u00e0i h\u1ecdc do c\u00e1c tr\u01b0\u1eddng h\u1ee3p kh\u00f4ng l\u01b0\u1eddng tr\u01b0\u1edbc \u0111\u01b0\u1ee3c, bao g\u1ed3m nh\u01b0ng kh\u00f4ng gi\u1edbi h\u1ea1n \u1edf c\u00e1c v\u1ea5n \u0111\u1ec1 k\u1ef9 thu\u1eadt, s\u1ef1 v\u1eafng m\u1eb7t c\u1ee7a gi\u00e1o vi\u00ean ho\u1eb7c c\u00e1c s\u1ef1 ki\u1ec7n b\u1ea5t kh\u1ea3 kh\u00e1ng.<br><br>5. H\u1ecdc vi\u00ean c\u00f3 tr\u00e1ch nhi\u1ec7m \u0111\u1ea3m b\u1ea3o c\u00f3 \u0111\u1ee7 thi\u1ebft b\u1ecb, ph\u1ea7n m\u1ec1m c\u1ea7n thi\u1ebft \u0111\u1ec3 truy c\u1eadp v\u00e0 tham gia h\u1ecdc tr\u1ef1c tuy\u1ebfn.<br><br>6. H\u1ecdc vi\u00ean c\u00f3 tr\u00e1ch nhi\u1ec7m tham gia h\u1ecdc \u0111\u00fang gi\u1edd v\u00e0 chu\u1ea9n b\u1ecb \u0111\u1ea7y \u0111\u1ee7 t\u00e0i li\u1ec7u, thi\u1ebft b\u1ecb c\u1ea7n thi\u1ebft.<br><br>7. Diglo Teach b\u1ea3o l\u01b0u quy\u1ec1n ch\u1ea5m d\u1ee9t d\u1ecbch v\u1ee5 b\u1ea5t c\u1ee9 l\u00fac n\u00e0o n\u1ebfu h\u1ecdc sinh c\u00f3 h\u00e0nh vi g\u00e2y r\u1ed1i ho\u1eb7c thi\u1ebfu t\u00f4n tr\u1ecdng gi\u00e1o vi\u00ean ho\u1eb7c c\u00e1c h\u1ecdc sinh kh\u00e1c.<br><br>8. Diglo Teach kh\u00f4ng ch\u1ecbu tr\u00e1ch nhi\u1ec7m v\u1ec1 b\u1ea5t k\u1ef3 s\u1ef1 c\u1ed1 k\u1ef9 thu\u1eadt ho\u1eb7c gi\u00e1n \u0111o\u1ea1n d\u1ecbch v\u1ee5 n\u00e0o c\u00f3 th\u1ec3 x\u1ea3y ra trong qu\u00e1 tr\u00ecnh h\u1ecdc.<br><br>9. M\u1ecdi th\u00f4ng tin c\u00e1 nh\u00e2n v\u00e0 h\u1ed3 s\u01a1 h\u1ecdc t\u1eadp c\u1ee7a h\u1ecdc vi\u00ean \u0111\u01b0\u1ee3c b\u1ea3o m\u1eadt v\u00e0 kh\u00f4ng chia s\u1ebb v\u1edbi b\u00ean th\u1ee9 ba khi ch\u01b0a \u0111\u01b0\u1ee3c s\u1ef1 \u0111\u1ed3ng \u00fd c\u1ee7a h\u1ecdc vi\u00ean.<br><br>10. C\u00e1c \u0111i\u1ec1u kho\u1ea3n v\u00e0 \u0111i\u1ec1u ki\u1ec7n n\u00e0y c\u00f3 th\u1ec3 thay \u0111\u1ed5i m\u00e0 kh\u00f4ng c\u1ea7n th\u00f4ng b\u00e1o tr\u01b0\u1edbc.<br><br>B\u1eb1ng vi\u1ec7c \u0111\u0103ng k\u00fd c\u00e1c d\u1ecbch v\u1ee5 c\u1ee7a Diglo Teach, h\u1ecdc vi\u00ean \u0111\u1ed3ng \u00fd v\u1edbi c\u00e1c \u0111i\u1ec1u kho\u1ea3n v\u00e0 \u0111i\u1ec1u ki\u1ec7n n\u00e0y.<br>\n<\/div><\/div>\n<\/section><\/div>","protected":false},"excerpt":{"rendered":"<p>Terms and Conditions 1. Diglo Teach provides online English learning services to students of all ages and levels.2. Payment is required upfront for the selected package of lessons. Packages are non-refundable and non-transferable.3. Lessons must be scheduled in advance and cannot be adjusted or rescheduled within 24 hours of the lesson time. Failure to attend [&hellip;]<\/p>\n","protected":false},"author":1,"featured_media":0,"parent":0,"menu_order":0,"comment_status":"closed","ping_status":"closed","template":"","meta":{"_acf_changed":false,"_breakdance_hide_in_design_set":false,"_breakdance_tags":"","footnotes":""},"class_list":["post-455","page","type-page","status-publish","hentry"],"acf":[],"yoast_head":"<!-- This site is optimized with the Yoast SEO plugin v26.9 - https:\/\/yoast.com\/product\/yoast-seo-wordpress\/ -->\n<title>Terms and Conditions - Diglo Teach<\/title>\n<meta name=\"robots\" content=\"index, follow, max-snippet:-1, max-image-preview:large, max-video-preview:-1\" \/>\n<link rel=\"canonical\" href=\"https:\/\/digloteach.com\/vi\/cac-dieu-khoan-va-dieu-kien\/\" \/>\n<meta property=\"og:locale\" content=\"vi_VN\" \/>\n<meta property=\"og:type\" content=\"article\" \/>\n<meta property=\"og:title\" content=\"Terms and Conditions - Diglo Teach\" \/>\n<meta property=\"og:description\" content=\"Terms and Conditions 1. Diglo Teach provides online English learning services to students of all ages and levels.2. Payment is required upfront for the selected package of lessons. Packages are non-refundable and non-transferable.3. Lessons must be scheduled in advance and cannot be adjusted or rescheduled within 24 hours of the lesson time. Failure to attend [&hellip;]\" \/>\n<meta property=\"og:url\" content=\"https:\/\/digloteach.com\/vi\/cac-dieu-khoan-va-dieu-kien\/\" \/>\n<meta property=\"og:site_name\" content=\"Diglo Teach\" \/>\n<meta property=\"article:publisher\" content=\"https:\/\/www.facebook.com\/profile.php?id=100092937623862\" \/>\n<meta property=\"article:modified_time\" content=\"2023-07-06T05:23:56+00:00\" \/>\n<meta name=\"twitter:card\" content=\"summary_large_image\" \/>\n<script type=\"application\/ld+json\" class=\"yoast-schema-graph\">{\"@context\":\"https:\/\/schema.org\",\"@graph\":[{\"@type\":\"WebPage\",\"@id\":\"https:\/\/digloteach.com\/terms-and-conditions\/\",\"url\":\"https:\/\/digloteach.com\/terms-and-conditions\/\",\"name\":\"Terms and Conditions - Diglo Teach\",\"isPartOf\":{\"@id\":\"https:\/\/digloteach.com\/#website\"},\"datePublished\":\"2023-06-28T01:05:11+00:00\",\"dateModified\":\"2023-07-06T05:23:56+00:00\",\"breadcrumb\":{\"@id\":\"https:\/\/digloteach.com\/terms-and-conditions\/#breadcrumb\"},\"inLanguage\":\"vi\",\"potentialAction\":[{\"@type\":\"ReadAction\",\"target\":[\"https:\/\/digloteach.com\/terms-and-conditions\/\"]}]},{\"@type\":\"BreadcrumbList\",\"@id\":\"https:\/\/digloteach.com\/terms-and-conditions\/#breadcrumb\",\"itemListElement\":[{\"@type\":\"ListItem\",\"position\":1,\"name\":\"Home\",\"item\":\"https:\/\/digloteach.com\/\"},{\"@type\":\"ListItem\",\"position\":2,\"name\":\"Terms and Conditions\"}]},{\"@type\":\"WebSite\",\"@id\":\"https:\/\/digloteach.com\/#website\",\"url\":\"https:\/\/digloteach.com\/\",\"name\":\"Diglo Teach\",\"description\":\"Where Learning Meets Adventure\",\"publisher\":{\"@id\":\"https:\/\/digloteach.com\/#organization\"},\"potentialAction\":[{\"@type\":\"SearchAction\",\"target\":{\"@type\":\"EntryPoint\",\"urlTemplate\":\"https:\/\/digloteach.com\/?s={search_term_string}\"},\"query-input\":{\"@type\":\"PropertyValueSpecification\",\"valueRequired\":true,\"valueName\":\"search_term_string\"}}],\"inLanguage\":\"vi\"},{\"@type\":\"Organization\",\"@id\":\"https:\/\/digloteach.com\/#organization\",\"name\":\"Diglo Teach\",\"url\":\"https:\/\/digloteach.com\/\",\"logo\":{\"@type\":\"ImageObject\",\"inLanguage\":\"vi\",\"@id\":\"https:\/\/digloteach.com\/#\/schema\/logo\/image\/\",\"url\":\"https:\/\/digloteach.com\/wp-content\/uploads\/2023\/06\/diglo_logo.png\",\"contentUrl\":\"https:\/\/digloteach.com\/wp-content\/uploads\/2023\/06\/diglo_logo.png\",\"width\":343,\"height\":157,\"caption\":\"Diglo Teach\"},\"image\":{\"@id\":\"https:\/\/digloteach.com\/#\/schema\/logo\/image\/\"},\"sameAs\":[\"https:\/\/www.facebook.com\/profile.php?id=100092937623862\",\"https:\/\/www.instagram.com\/digloteach\/\",\"https:\/\/www.tiktok.com\/@digloteach\"]}]}<\/script>\n<!-- \/ Yoast SEO plugin. -->","yoast_head_json":{"title":"\u0110i\u1ec1u kho\u1ea3n v\u00e0 \u0110i\u1ec1u ki\u1ec7n - Diglo Teach","robots":{"index":"index","follow":"follow","max-snippet":"max-snippet:-1","max-image-preview":"max-image-preview:large","max-video-preview":"max-video-preview:-1"},"canonical":"https:\/\/digloteach.com\/vi\/cac-dieu-khoan-va-dieu-kien\/","og_locale":"vi_VN","og_type":"article","og_title":"Terms and Conditions - Diglo Teach","og_description":"Terms and Conditions 1. Diglo Teach provides online English learning services to students of all ages and levels.2. Payment is required upfront for the selected package of lessons. Packages are non-refundable and non-transferable.3. Lessons must be scheduled in advance and cannot be adjusted or rescheduled within 24 hours of the lesson time. Failure to attend [&hellip;]","og_url":"https:\/\/digloteach.com\/vi\/cac-dieu-khoan-va-dieu-kien\/","og_site_name":"Diglo Teach","article_publisher":"https:\/\/www.facebook.com\/profile.php?id=100092937623862","article_modified_time":"2023-07-06T05:23:56+00:00","twitter_card":"summary_large_image","schema":{"@context":"https:\/\/schema.org","@graph":[{"@type":"WebPage","@id":"https:\/\/digloteach.com\/terms-and-conditions\/","url":"https:\/\/digloteach.com\/terms-and-conditions\/","name":"\u0110i\u1ec1u kho\u1ea3n v\u00e0 \u0110i\u1ec1u ki\u1ec7n - Diglo Teach","isPartOf":{"@id":"https:\/\/digloteach.com\/#website"},"datePublished":"2023-06-28T01:05:11+00:00","dateModified":"2023-07-06T05:23:56+00:00","breadcrumb":{"@id":"https:\/\/digloteach.com\/terms-and-conditions\/#breadcrumb"},"inLanguage":"vi","potentialAction":[{"@type":"ReadAction","target":["https:\/\/digloteach.com\/terms-and-conditions\/"]}]},{"@type":"BreadcrumbList","@id":"https:\/\/digloteach.com\/terms-and-conditions\/#breadcrumb","itemListElement":[{"@type":"ListItem","position":1,"name":"Home","item":"https:\/\/digloteach.com\/"},{"@type":"ListItem","position":2,"name":"Terms and Conditions"}]},{"@type":"WebSite","@id":"https:\/\/digloteach.com\/#website","url":"https:\/\/digloteach.com\/","name":"\u0110\u00e0o t\u1ea1o Diglo","description":"N\u01a1i h\u1ecdc t\u1eadp \u0111\u00e1p \u1ee9ng cu\u1ed9c phi\u00eau l\u01b0u","publisher":{"@id":"https:\/\/digloteach.com\/#organization"},"potentialAction":[{"@type":"SearchAction","target":{"@type":"EntryPoint","urlTemplate":"https:\/\/digloteach.com\/?s={search_term_string}"},"query-input":{"@type":"PropertyValueSpecification","valueRequired":true,"valueName":"search_term_string"}}],"inLanguage":"vi"},{"@type":"Organization","@id":"https:\/\/digloteach.com\/#organization","name":"\u0110\u00e0o t\u1ea1o Diglo","url":"https:\/\/digloteach.com\/","logo":{"@type":"ImageObject","inLanguage":"vi","@id":"https:\/\/digloteach.com\/#\/schema\/logo\/image\/","url":"https:\/\/digloteach.com\/wp-content\/uploads\/2023\/06\/diglo_logo.png","contentUrl":"https:\/\/digloteach.com\/wp-content\/uploads\/2023\/06\/diglo_logo.png","width":343,"height":157,"caption":"Diglo Teach"},"image":{"@id":"https:\/\/digloteach.com\/#\/schema\/logo\/image\/"},"sameAs":["https:\/\/www.facebook.com\/profile.php?id=100092937623862","https:\/\/www.instagram.com\/digloteach\/","https:\/\/www.tiktok.com\/@digloteach"]}]}},"_links":{"self":[{"href":"https:\/\/digloteach.com\/vi\/wp-json\/wp\/v2\/pages\/455","targetHints":{"allow":["GET"]}}],"collection":[{"href":"https:\/\/digloteach.com\/vi\/wp-json\/wp\/v2\/pages"}],"about":[{"href":"https:\/\/digloteach.com\/vi\/wp-json\/wp\/v2\/types\/page"}],"author":[{"embeddable":true,"href":"https:\/\/digloteach.com\/vi\/wp-json\/wp\/v2\/users\/1"}],"replies":[{"embeddable":true,"href":"https:\/\/digloteach.com\/vi\/wp-json\/wp\/v2\/comments?post=455"}],"version-history":[{"count":6,"href":"https:\/\/digloteach.com\/vi\/wp-json\/wp\/v2\/pages\/455\/revisions"}],"predecessor-version":[{"id":892,"href":"https:\/\/digloteach.com\/vi\/wp-json\/wp\/v2\/pages\/455\/revisions\/892"}],"wp:attachment":[{"href":"https:\/\/digloteach.com\/vi\/wp-json\/wp\/v2\/media?parent=455"}],"curies":[{"name":"wp","href":"https:\/\/api.w.org\/{rel}","templated":true}]}}