{"id":587,"date":"2023-06-30T10:13:03","date_gmt":"2023-06-29T22:13:03","guid":{"rendered":"https:\/\/diglo.allteams.dev\/?page_id=587"},"modified":"2023-09-15T22:27:08","modified_gmt":"2023-09-15T15:27:08","slug":"assessment-test","status":"publish","type":"page","link":"https:\/\/digloteach.com\/vi\/kiem-tra-danh-gia\/","title":{"rendered":"Gi\u1edbi thi\u1ec7u b\u00e0i ki\u1ec3m tra \u0111\u00e1nh gi\u00e1"},"content":{"rendered":"<div class='breakdance'><section class=\"bde-section-587-100 bde-section\">\n  \n  \n\t\n\n\n\n<div class=\"section-container\"><h1 class=\"bde-heading-587-105 bde-heading\">\nKi\u1ec3m tra \u0111\u00e1nh gi\u00e1 ti\u1ebfng Anh\n<\/h1><div class=\"bde-text-587-103 bde-text\">\nCh\u00e0o m\u1eebng b\u1ea1n \u0111\u1ebfn v\u1edbi \u0110\u00e1nh gi\u00e1 ng\u00f4n ng\u1eef ti\u1ebfng Anh c\u1ee7a Diglo Teach!<br><br>B\u00e0i ki\u1ec3m tra x\u1ebfp l\u1edbp c\u1ee7a ch\u00fang t\u00f4i d\u1ef1a tr\u00ean c\u00e1c c\u1ea5p \u0111\u1ed9 c\u1ee7a Khung tham chi\u1ebfu tr\u00ecnh \u0111\u1ed9 ng\u00f4n ng\u1eef chung ch\u00e2u \u00c2u (CERF). Ch\u00fang nh\u01b0 sau:<br><br>1. Ng\u01b0\u1eddi m\u1edbi b\u1eaft \u0111\u1ea7u A1<br>2. Ti\u1ec3u h\u1ecdc A2<br>3. Trung c\u1ea5p B1<br>4. B2 Tr\u00ean trung c\u1ea5p<br>5. C1 N\u00e2ng cao<br>6 C2 Th\u00e0nh th\u1ea1o<br><br>C\u00e1c c\u1ea5p \u0111\u1ed9 n\u00e0y \u0111\u01b0\u1ee3c s\u1eed d\u1ee5ng tr\u00ean to\u00e0n th\u1ebf gi\u1edbi \u0111\u1ec3 \u0111\u00e1nh gi\u00e1 v\u00e0 m\u00f4 t\u1ea3 tr\u00ecnh \u0111\u1ed9 th\u00f4ng th\u1ea1o ng\u00f4n ng\u1eef ti\u1ebfng Anh c\u1ee7a m\u1ed9t ng\u01b0\u1eddi.<br><br>\n<\/div><div class=\"bde-fancy-divider-587-106 bde-fancy-divider\">\n\n\n<div class=\"bde-fancy-divider__wrapper\">\n  <div class=\"bde-fancy-divider__separator   has-pattern\">\n  \t  <\/div>\n<\/div>\n\n<\/div><h4 class=\"bde-heading-587-108 bde-heading\">\nH\u01b0\u1edbng d\u1eabn\n<\/h4><div class=\"bde-text-587-107 bde-text\">\nB\u00e0i ki\u1ec3m tra c\u00f3 nhi\u1ec1u l\u1ef1a ch\u1ecdn v\u00e0 ng\u00e0y c\u00e0ng kh\u00f3 h\u01a1n. B\u00e0i ki\u1ec3m tra s\u1ebd k\u1ebft th\u00fac khi ch\u00fang t\u00f4i \u0111\u00e3 \u01b0\u1edbc l\u01b0\u1ee3ng \u0111\u01b0\u1ee3c tr\u00ecnh \u0111\u1ed9 h\u1ecdc t\u1eadp hi\u1ec7n t\u1ea1i c\u1ee7a b\u1ea1n.<br><br>\u0110\u1eebng lo l\u1eafng n\u1ebfu b\u1ea1n kh\u00f4ng th\u1ec3 tr\u1ea3 l\u1eddi nhi\u1ec1u ho\u1eb7c b\u1ea5t k\u1ef3 c\u00e2u h\u1ecfi n\u00e0o, gi\u00e1o vi\u00ean c\u1ee7a ch\u00fang t\u00f4i \u1edf \u0111\u00e2y l\u00e0 \u0111\u1ec3 gi\u00fap b\u1ea1n h\u1ecdc ti\u1ebfng Anh!\n<\/div><div class=\"bde-button-587-104 bde-button\">\n    \n                                    \n    \n    \n    \n    \n            \n                    \n            \n            \n\n    \n    \n    \n    \n    \n    <a class=\"breakdance-link button-atom button-atom--primary bde-button__button\" href=\"https:\/\/digloteach.com\/vi\/danh-gia\/\" target=\"_self\" data-type=\"url\"  >\n\n    \n        <span class=\"button-atom__text\">b\u1eaft \u0111\u1ea7u ki\u1ec3m tra<\/span>\n\n        \n        \n                <\/a>\n\n    \n\n\n<\/div><\/div>\n<\/section><\/div>","protected":false},"excerpt":{"rendered":"<p>English Language Assessment Test Welcome to the Diglo Teach English Language Assessment!Our placement test is based on the Common European Framework of Reference for Languages (CERF) levels. They are as follows:1. A1 Beginner2. A2 Elementary3. B1 Intermediate4. B2 Upper Intermediate5. C1 Advanced6 C2 ProficientThese levels are used worldwide to assess and describe a person&#8217;s language [&hellip;]<\/p>\n","protected":false},"author":1,"featured_media":0,"parent":0,"menu_order":0,"comment_status":"closed","ping_status":"closed","template":"","meta":{"_acf_changed":false,"_breakdance_hide_in_design_set":false,"_breakdance_tags":"","footnotes":""},"class_list":["post-587","page","type-page","status-publish","hentry"],"acf":[],"yoast_head":"<!-- This site is optimized with the Yoast SEO plugin v26.9 - https:\/\/yoast.com\/product\/yoast-seo-wordpress\/ -->\n<title>Assessment Test Intro - Diglo Teach<\/title>\n<meta name=\"robots\" content=\"index, follow, max-snippet:-1, max-image-preview:large, max-video-preview:-1\" \/>\n<link rel=\"canonical\" href=\"https:\/\/digloteach.com\/vi\/kiem-tra-danh-gia\/\" \/>\n<meta property=\"og:locale\" content=\"vi_VN\" \/>\n<meta property=\"og:type\" content=\"article\" \/>\n<meta property=\"og:title\" content=\"Assessment Test Intro - Diglo Teach\" \/>\n<meta property=\"og:description\" content=\"English Language Assessment Test Welcome to the Diglo Teach English Language Assessment!Our placement test is based on the Common European Framework of Reference for Languages (CERF) levels. They are as follows:1. A1 Beginner2. A2 Elementary3. B1 Intermediate4. B2 Upper Intermediate5. C1 Advanced6 C2 ProficientThese levels are used worldwide to assess and describe a person&#039;s language [&hellip;]\" \/>\n<meta property=\"og:url\" content=\"https:\/\/digloteach.com\/vi\/kiem-tra-danh-gia\/\" \/>\n<meta property=\"og:site_name\" content=\"Diglo Teach\" \/>\n<meta property=\"article:publisher\" content=\"https:\/\/www.facebook.com\/profile.php?id=100092937623862\" \/>\n<meta property=\"article:modified_time\" content=\"2023-09-15T15:27:08+00:00\" \/>\n<meta name=\"twitter:card\" content=\"summary_large_image\" \/>\n<script type=\"application\/ld+json\" class=\"yoast-schema-graph\">{\"@context\":\"https:\/\/schema.org\",\"@graph\":[{\"@type\":\"WebPage\",\"@id\":\"https:\/\/digloteach.com\/assessment-test\/\",\"url\":\"https:\/\/digloteach.com\/assessment-test\/\",\"name\":\"Assessment Test Intro - Diglo Teach\",\"isPartOf\":{\"@id\":\"https:\/\/digloteach.com\/#website\"},\"datePublished\":\"2023-06-29T22:13:03+00:00\",\"dateModified\":\"2023-09-15T15:27:08+00:00\",\"breadcrumb\":{\"@id\":\"https:\/\/digloteach.com\/assessment-test\/#breadcrumb\"},\"inLanguage\":\"vi\",\"potentialAction\":[{\"@type\":\"ReadAction\",\"target\":[\"https:\/\/digloteach.com\/assessment-test\/\"]}]},{\"@type\":\"BreadcrumbList\",\"@id\":\"https:\/\/digloteach.com\/assessment-test\/#breadcrumb\",\"itemListElement\":[{\"@type\":\"ListItem\",\"position\":1,\"name\":\"Home\",\"item\":\"https:\/\/digloteach.com\/\"},{\"@type\":\"ListItem\",\"position\":2,\"name\":\"Assessment Test Intro\"}]},{\"@type\":\"WebSite\",\"@id\":\"https:\/\/digloteach.com\/#website\",\"url\":\"https:\/\/digloteach.com\/\",\"name\":\"Diglo Teach\",\"description\":\"Where Learning Meets Adventure\",\"publisher\":{\"@id\":\"https:\/\/digloteach.com\/#organization\"},\"potentialAction\":[{\"@type\":\"SearchAction\",\"target\":{\"@type\":\"EntryPoint\",\"urlTemplate\":\"https:\/\/digloteach.com\/?s={search_term_string}\"},\"query-input\":{\"@type\":\"PropertyValueSpecification\",\"valueRequired\":true,\"valueName\":\"search_term_string\"}}],\"inLanguage\":\"vi\"},{\"@type\":\"Organization\",\"@id\":\"https:\/\/digloteach.com\/#organization\",\"name\":\"Diglo Teach\",\"url\":\"https:\/\/digloteach.com\/\",\"logo\":{\"@type\":\"ImageObject\",\"inLanguage\":\"vi\",\"@id\":\"https:\/\/digloteach.com\/#\/schema\/logo\/image\/\",\"url\":\"https:\/\/digloteach.com\/wp-content\/uploads\/2023\/06\/diglo_logo.png\",\"contentUrl\":\"https:\/\/digloteach.com\/wp-content\/uploads\/2023\/06\/diglo_logo.png\",\"width\":343,\"height\":157,\"caption\":\"Diglo Teach\"},\"image\":{\"@id\":\"https:\/\/digloteach.com\/#\/schema\/logo\/image\/\"},\"sameAs\":[\"https:\/\/www.facebook.com\/profile.php?id=100092937623862\",\"https:\/\/www.instagram.com\/digloteach\/\",\"https:\/\/www.tiktok.com\/@digloteach\"]}]}<\/script>\n<!-- \/ Yoast SEO plugin. -->","yoast_head_json":{"title":"Gi\u1edbi thi\u1ec7u b\u00e0i ki\u1ec3m tra \u0111\u00e1nh gi\u00e1 - Diglo Teach","robots":{"index":"index","follow":"follow","max-snippet":"max-snippet:-1","max-image-preview":"max-image-preview:large","max-video-preview":"max-video-preview:-1"},"canonical":"https:\/\/digloteach.com\/vi\/kiem-tra-danh-gia\/","og_locale":"vi_VN","og_type":"article","og_title":"Assessment Test Intro - Diglo Teach","og_description":"English Language Assessment Test Welcome to the Diglo Teach English Language Assessment!Our placement test is based on the Common European Framework of Reference for Languages (CERF) levels. They are as follows:1. A1 Beginner2. A2 Elementary3. B1 Intermediate4. B2 Upper Intermediate5. C1 Advanced6 C2 ProficientThese levels are used worldwide to assess and describe a person's language [&hellip;]","og_url":"https:\/\/digloteach.com\/vi\/kiem-tra-danh-gia\/","og_site_name":"Diglo Teach","article_publisher":"https:\/\/www.facebook.com\/profile.php?id=100092937623862","article_modified_time":"2023-09-15T15:27:08+00:00","twitter_card":"summary_large_image","schema":{"@context":"https:\/\/schema.org","@graph":[{"@type":"WebPage","@id":"https:\/\/digloteach.com\/assessment-test\/","url":"https:\/\/digloteach.com\/assessment-test\/","name":"Gi\u1edbi thi\u1ec7u b\u00e0i ki\u1ec3m tra \u0111\u00e1nh gi\u00e1 - Diglo Teach","isPartOf":{"@id":"https:\/\/digloteach.com\/#website"},"datePublished":"2023-06-29T22:13:03+00:00","dateModified":"2023-09-15T15:27:08+00:00","breadcrumb":{"@id":"https:\/\/digloteach.com\/assessment-test\/#breadcrumb"},"inLanguage":"vi","potentialAction":[{"@type":"ReadAction","target":["https:\/\/digloteach.com\/assessment-test\/"]}]},{"@type":"BreadcrumbList","@id":"https:\/\/digloteach.com\/assessment-test\/#breadcrumb","itemListElement":[{"@type":"ListItem","position":1,"name":"Home","item":"https:\/\/digloteach.com\/"},{"@type":"ListItem","position":2,"name":"Assessment Test Intro"}]},{"@type":"WebSite","@id":"https:\/\/digloteach.com\/#website","url":"https:\/\/digloteach.com\/","name":"\u0110\u00e0o t\u1ea1o Diglo","description":"N\u01a1i h\u1ecdc t\u1eadp \u0111\u00e1p \u1ee9ng cu\u1ed9c phi\u00eau l\u01b0u","publisher":{"@id":"https:\/\/digloteach.com\/#organization"},"potentialAction":[{"@type":"SearchAction","target":{"@type":"EntryPoint","urlTemplate":"https:\/\/digloteach.com\/?s={search_term_string}"},"query-input":{"@type":"PropertyValueSpecification","valueRequired":true,"valueName":"search_term_string"}}],"inLanguage":"vi"},{"@type":"Organization","@id":"https:\/\/digloteach.com\/#organization","name":"\u0110\u00e0o t\u1ea1o Diglo","url":"https:\/\/digloteach.com\/","logo":{"@type":"ImageObject","inLanguage":"vi","@id":"https:\/\/digloteach.com\/#\/schema\/logo\/image\/","url":"https:\/\/digloteach.com\/wp-content\/uploads\/2023\/06\/diglo_logo.png","contentUrl":"https:\/\/digloteach.com\/wp-content\/uploads\/2023\/06\/diglo_logo.png","width":343,"height":157,"caption":"Diglo Teach"},"image":{"@id":"https:\/\/digloteach.com\/#\/schema\/logo\/image\/"},"sameAs":["https:\/\/www.facebook.com\/profile.php?id=100092937623862","https:\/\/www.instagram.com\/digloteach\/","https:\/\/www.tiktok.com\/@digloteach"]}]}},"_links":{"self":[{"href":"https:\/\/digloteach.com\/vi\/wp-json\/wp\/v2\/pages\/587","targetHints":{"allow":["GET"]}}],"collection":[{"href":"https:\/\/digloteach.com\/vi\/wp-json\/wp\/v2\/pages"}],"about":[{"href":"https:\/\/digloteach.com\/vi\/wp-json\/wp\/v2\/types\/page"}],"author":[{"embeddable":true,"href":"https:\/\/digloteach.com\/vi\/wp-json\/wp\/v2\/users\/1"}],"replies":[{"embeddable":true,"href":"https:\/\/digloteach.com\/vi\/wp-json\/wp\/v2\/comments?post=587"}],"version-history":[{"count":9,"href":"https:\/\/digloteach.com\/vi\/wp-json\/wp\/v2\/pages\/587\/revisions"}],"predecessor-version":[{"id":688,"href":"https:\/\/digloteach.com\/vi\/wp-json\/wp\/v2\/pages\/587\/revisions\/688"}],"wp:attachment":[{"href":"https:\/\/digloteach.com\/vi\/wp-json\/wp\/v2\/media?parent=587"}],"curies":[{"name":"wp","href":"https:\/\/api.w.org\/{rel}","templated":true}]}}