{"id":813,"date":"2023-07-05T13:46:54","date_gmt":"2023-07-05T01:46:54","guid":{"rendered":"https:\/\/digloteach.com\/?page_id=813"},"modified":"2023-09-07T04:22:39","modified_gmt":"2023-09-06T21:22:39","slug":"book-trial","status":"publish","type":"page","link":"https:\/\/digloteach.com\/vi\/thu-sach\/","title":{"rendered":"S\u00e1ch d\u00f9ng th\u1eed"},"content":{"rendered":"<div class='breakdance'><section class=\"bde-section-813-100 bde-section\">\n  \n  \n\t\n\n\n\n<div class=\"section-container\"><h1 class=\"bde-heading-813-118 bde-heading\">\nBook a Trial Lesson\n<\/h1><div class=\"bde-shortcodewrapper-813-101 bde-shortcodewrapper\">\n<script>\n  if (typeof hasAmeliaEntitiesApiCall === 'undefined' && ('' === '' && '' !== '1')) {\n    var hasAmeliaEntitiesApiCall = true;\n  }\n  var ameliaShortcodeData = (typeof ameliaShortcodeData === 'undefined') ? [] : ameliaShortcodeData;\n  ameliaShortcodeData.push(\n    {\n      'hasApiCall': (typeof hasAmeliaEntitiesApiCall !== 'undefined') && hasAmeliaEntitiesApiCall,\n      'trigger': '',\n      'trigger_type': '',\n      'triggered_form': 'sbsNew',\n      'in_dialog': '',\n      'show': '',\n      'counter': '1000',\n      'category': '',\n      'service': '1',\n      'employee': '',\n      'location': '',\n      'package': '',\n      'layout': '',\n    }\n  );\n\n  var ameliaShortcodeDataTriggered = (typeof ameliaShortcodeDataTriggered === 'undefined') ? [] : ameliaShortcodeDataTriggered;\n  if (ameliaShortcodeData[ameliaShortcodeData.length - 1].trigger !== '') {\n    if (ameliaShortcodeDataTriggered.filter(a => a.counter === ameliaShortcodeData[ameliaShortcodeData.length - 1].counter).length === 0) {\n      ameliaShortcodeDataTriggered.push(ameliaShortcodeData.pop());\n    } else {\n      ameliaShortcodeData.pop()\n    }\n  }\n  if (typeof hasAmeliaEntitiesApiCall !== 'undefined' && hasAmeliaEntitiesApiCall) {\n    hasAmeliaEntitiesApiCall = false;\n  }\n<\/script>\n\n<div\n  id=\"amelia-v2-booking-1000\"\n  class=\"amelia-v2-booking\"\n >\n    <step-form-wrapper><\/step-form-wrapper><\/div>\n <\/div><\/div>\n<\/section><\/div>","protected":false},"excerpt":{"rendered":"<p>\u0110\u0103ng k\u00fd m\u1ed9t bu\u1ed5i h\u1ecdc th\u1eed<\/p>","protected":false},"author":2,"featured_media":0,"parent":0,"menu_order":0,"comment_status":"closed","ping_status":"closed","template":"","meta":{"_acf_changed":false,"_breakdance_hide_in_design_set":false,"_breakdance_tags":"","footnotes":""},"class_list":["post-813","page","type-page","status-publish","hentry"],"acf":[],"yoast_head":"<!-- This site is optimized with the Yoast SEO plugin v26.9 - https:\/\/yoast.com\/product\/yoast-seo-wordpress\/ -->\n<title>Book Trial - Diglo Teach<\/title>\n<meta name=\"robots\" content=\"index, follow, max-snippet:-1, max-image-preview:large, max-video-preview:-1\" \/>\n<link rel=\"canonical\" href=\"https:\/\/digloteach.com\/vi\/thu-sach\/\" \/>\n<meta property=\"og:locale\" content=\"vi_VN\" \/>\n<meta property=\"og:type\" content=\"article\" \/>\n<meta property=\"og:title\" content=\"Book Trial - Diglo Teach\" \/>\n<meta property=\"og:description\" content=\"Book a Trial Lesson\" \/>\n<meta property=\"og:url\" content=\"https:\/\/digloteach.com\/vi\/thu-sach\/\" \/>\n<meta property=\"og:site_name\" content=\"Diglo Teach\" \/>\n<meta property=\"article:publisher\" content=\"https:\/\/www.facebook.com\/profile.php?id=100092937623862\" \/>\n<meta property=\"article:modified_time\" content=\"2023-09-06T21:22:39+00:00\" \/>\n<meta name=\"twitter:card\" content=\"summary_large_image\" \/>\n<script type=\"application\/ld+json\" class=\"yoast-schema-graph\">{\"@context\":\"https:\/\/schema.org\",\"@graph\":[{\"@type\":\"WebPage\",\"@id\":\"https:\/\/digloteach.com\/book-trial\/\",\"url\":\"https:\/\/digloteach.com\/book-trial\/\",\"name\":\"Book Trial - Diglo Teach\",\"isPartOf\":{\"@id\":\"https:\/\/digloteach.com\/#website\"},\"datePublished\":\"2023-07-05T01:46:54+00:00\",\"dateModified\":\"2023-09-06T21:22:39+00:00\",\"breadcrumb\":{\"@id\":\"https:\/\/digloteach.com\/book-trial\/#breadcrumb\"},\"inLanguage\":\"vi\",\"potentialAction\":[{\"@type\":\"ReadAction\",\"target\":[\"https:\/\/digloteach.com\/book-trial\/\"]}]},{\"@type\":\"BreadcrumbList\",\"@id\":\"https:\/\/digloteach.com\/book-trial\/#breadcrumb\",\"itemListElement\":[{\"@type\":\"ListItem\",\"position\":1,\"name\":\"Home\",\"item\":\"https:\/\/digloteach.com\/\"},{\"@type\":\"ListItem\",\"position\":2,\"name\":\"Book Trial\"}]},{\"@type\":\"WebSite\",\"@id\":\"https:\/\/digloteach.com\/#website\",\"url\":\"https:\/\/digloteach.com\/\",\"name\":\"Diglo Teach\",\"description\":\"Where Learning Meets Adventure\",\"publisher\":{\"@id\":\"https:\/\/digloteach.com\/#organization\"},\"potentialAction\":[{\"@type\":\"SearchAction\",\"target\":{\"@type\":\"EntryPoint\",\"urlTemplate\":\"https:\/\/digloteach.com\/?s={search_term_string}\"},\"query-input\":{\"@type\":\"PropertyValueSpecification\",\"valueRequired\":true,\"valueName\":\"search_term_string\"}}],\"inLanguage\":\"vi\"},{\"@type\":\"Organization\",\"@id\":\"https:\/\/digloteach.com\/#organization\",\"name\":\"Diglo Teach\",\"url\":\"https:\/\/digloteach.com\/\",\"logo\":{\"@type\":\"ImageObject\",\"inLanguage\":\"vi\",\"@id\":\"https:\/\/digloteach.com\/#\/schema\/logo\/image\/\",\"url\":\"https:\/\/digloteach.com\/wp-content\/uploads\/2023\/06\/diglo_logo.png\",\"contentUrl\":\"https:\/\/digloteach.com\/wp-content\/uploads\/2023\/06\/diglo_logo.png\",\"width\":343,\"height\":157,\"caption\":\"Diglo Teach\"},\"image\":{\"@id\":\"https:\/\/digloteach.com\/#\/schema\/logo\/image\/\"},\"sameAs\":[\"https:\/\/www.facebook.com\/profile.php?id=100092937623862\",\"https:\/\/www.instagram.com\/digloteach\/\",\"https:\/\/www.tiktok.com\/@digloteach\"]}]}<\/script>\n<!-- \/ Yoast SEO plugin. -->","yoast_head_json":{"title":"D\u00f9ng th\u1eed s\u00e1ch - Diglo Teach","robots":{"index":"index","follow":"follow","max-snippet":"max-snippet:-1","max-image-preview":"max-image-preview:large","max-video-preview":"max-video-preview:-1"},"canonical":"https:\/\/digloteach.com\/vi\/thu-sach\/","og_locale":"vi_VN","og_type":"article","og_title":"Book Trial - Diglo Teach","og_description":"Book a Trial Lesson","og_url":"https:\/\/digloteach.com\/vi\/thu-sach\/","og_site_name":"Diglo Teach","article_publisher":"https:\/\/www.facebook.com\/profile.php?id=100092937623862","article_modified_time":"2023-09-06T21:22:39+00:00","twitter_card":"summary_large_image","schema":{"@context":"https:\/\/schema.org","@graph":[{"@type":"WebPage","@id":"https:\/\/digloteach.com\/book-trial\/","url":"https:\/\/digloteach.com\/book-trial\/","name":"D\u00f9ng th\u1eed s\u00e1ch - Diglo Teach","isPartOf":{"@id":"https:\/\/digloteach.com\/#website"},"datePublished":"2023-07-05T01:46:54+00:00","dateModified":"2023-09-06T21:22:39+00:00","breadcrumb":{"@id":"https:\/\/digloteach.com\/book-trial\/#breadcrumb"},"inLanguage":"vi","potentialAction":[{"@type":"ReadAction","target":["https:\/\/digloteach.com\/book-trial\/"]}]},{"@type":"BreadcrumbList","@id":"https:\/\/digloteach.com\/book-trial\/#breadcrumb","itemListElement":[{"@type":"ListItem","position":1,"name":"Home","item":"https:\/\/digloteach.com\/"},{"@type":"ListItem","position":2,"name":"Book Trial"}]},{"@type":"WebSite","@id":"https:\/\/digloteach.com\/#website","url":"https:\/\/digloteach.com\/","name":"\u0110\u00e0o t\u1ea1o Diglo","description":"N\u01a1i h\u1ecdc t\u1eadp \u0111\u00e1p \u1ee9ng cu\u1ed9c phi\u00eau l\u01b0u","publisher":{"@id":"https:\/\/digloteach.com\/#organization"},"potentialAction":[{"@type":"SearchAction","target":{"@type":"EntryPoint","urlTemplate":"https:\/\/digloteach.com\/?s={search_term_string}"},"query-input":{"@type":"PropertyValueSpecification","valueRequired":true,"valueName":"search_term_string"}}],"inLanguage":"vi"},{"@type":"Organization","@id":"https:\/\/digloteach.com\/#organization","name":"\u0110\u00e0o t\u1ea1o Diglo","url":"https:\/\/digloteach.com\/","logo":{"@type":"ImageObject","inLanguage":"vi","@id":"https:\/\/digloteach.com\/#\/schema\/logo\/image\/","url":"https:\/\/digloteach.com\/wp-content\/uploads\/2023\/06\/diglo_logo.png","contentUrl":"https:\/\/digloteach.com\/wp-content\/uploads\/2023\/06\/diglo_logo.png","width":343,"height":157,"caption":"Diglo Teach"},"image":{"@id":"https:\/\/digloteach.com\/#\/schema\/logo\/image\/"},"sameAs":["https:\/\/www.facebook.com\/profile.php?id=100092937623862","https:\/\/www.instagram.com\/digloteach\/","https:\/\/www.tiktok.com\/@digloteach"]}]}},"_links":{"self":[{"href":"https:\/\/digloteach.com\/vi\/wp-json\/wp\/v2\/pages\/813","targetHints":{"allow":["GET"]}}],"collection":[{"href":"https:\/\/digloteach.com\/vi\/wp-json\/wp\/v2\/pages"}],"about":[{"href":"https:\/\/digloteach.com\/vi\/wp-json\/wp\/v2\/types\/page"}],"author":[{"embeddable":true,"href":"https:\/\/digloteach.com\/vi\/wp-json\/wp\/v2\/users\/2"}],"replies":[{"embeddable":true,"href":"https:\/\/digloteach.com\/vi\/wp-json\/wp\/v2\/comments?post=813"}],"version-history":[{"count":16,"href":"https:\/\/digloteach.com\/vi\/wp-json\/wp\/v2\/pages\/813\/revisions"}],"predecessor-version":[{"id":1211,"href":"https:\/\/digloteach.com\/vi\/wp-json\/wp\/v2\/pages\/813\/revisions\/1211"}],"wp:attachment":[{"href":"https:\/\/digloteach.com\/vi\/wp-json\/wp\/v2\/media?parent=813"}],"curies":[{"name":"wp","href":"https:\/\/api.w.org\/{rel}","templated":true}]}}