{"id":884,"date":"2023-07-06T17:15:34","date_gmt":"2023-07-06T05:15:34","guid":{"rendered":"https:\/\/digloteach.com\/?page_id=884"},"modified":"2023-07-06T17:21:26","modified_gmt":"2023-07-06T05:21:26","slug":"child-protection-policy","status":"publish","type":"page","link":"https:\/\/digloteach.com\/vi\/chinh-sach-bao-ve-tre-em\/","title":{"rendered":"Ch\u00ednh s\u00e1ch b\u1ea3o v\u1ec7 tr\u1ebb em"},"content":{"rendered":"<div class='breakdance'><section class=\"bde-section-884-100 bde-section\">\n  \n  \n\t\n\n\n\n        <div class=\"section-shape-divider-wrapper section-shape-divider-wrapper--1\">\n          <span class=\"section-shape-divider\">\n                      <svg\n                xmlns=\"http:\/\/www.w3.org\/2000\/svg\"\n                viewbox=\"0 0 1440 320\"\n                preserveaspectratio=\"none\"\n            >\n              <path d=\"m1440 176-218.331 87.333c-87.89 35.156-187.784 21.62-263.149-35.657l-116.67-88.67c-72.014-54.731-171.686-54.731-243.7 0l-116.67 88.67c-75.365 57.277-175.258 70.813-263.149 35.657L0 176v144h1440V176Z\" fill=\"currentColor\"\/>\n            <\/svg>\n                    <\/span>\n      <\/div>\n  <div class=\"section-container\"><div class=\"bde-div-884-101 bde-div\">\n  \n  \n\t\n\n\n\n<div id=\"faq-red-zigzag\" class=\"bde-image-884-102 bde-image\">\n<figure class=\"breakdance-image breakdance-image--264\">\n\t<div class=\"breakdance-image-container\">\n\t\t<div class=\"breakdance-image-clip\"><img loading=\"lazy\" decoding=\"async\" class=\"breakdance-image-object\" src=\"https:\/\/digloteach.com\/wp-content\/uploads\/2023\/06\/zigzag-red@4x.png\" width=\"214\" height=\"98\" sizes=\"auto, (max-width: 214px) 100vw, 214px\"><\/div>\n\t<\/div><\/figure>\n\n<\/div><div id=\"faq-red-zigzag\" class=\"bde-image-884-103 bde-image\">\n<figure class=\"breakdance-image breakdance-image--266\">\n\t<div class=\"breakdance-image-container\">\n\t\t<div class=\"breakdance-image-clip\"><img loading=\"lazy\" decoding=\"async\" class=\"breakdance-image-object\" src=\"https:\/\/digloteach.com\/wp-content\/uploads\/2023\/06\/red-zigzag-horiz.png\" width=\"230\" height=\"172\" sizes=\"auto, (max-width: 230px) 100vw, 230px\"><\/div>\n\t<\/div><\/figure>\n\n<\/div><div id=\"faq-red-zigzag\" class=\"bde-image-884-104 bde-image\">\n<figure class=\"breakdance-image breakdance-image--266\">\n\t<div class=\"breakdance-image-container\">\n\t\t<div class=\"breakdance-image-clip\"><img loading=\"lazy\" decoding=\"async\" class=\"breakdance-image-object\" src=\"https:\/\/digloteach.com\/wp-content\/uploads\/2023\/06\/red-zigzag-horiz.png\" width=\"230\" height=\"172\" sizes=\"auto, (max-width: 230px) 100vw, 230px\"><\/div>\n\t<\/div><\/figure>\n\n<\/div><div id=\"faq-red-zigzag\" class=\"bde-image-884-105 bde-image\">\n<figure class=\"breakdance-image breakdance-image--258\">\n\t<div class=\"breakdance-image-container\">\n\t\t<div class=\"breakdance-image-clip\"><img loading=\"lazy\" decoding=\"async\" class=\"breakdance-image-object\" src=\"https:\/\/digloteach.com\/wp-content\/uploads\/2023\/06\/Asset-4@4x-1.png\" width=\"151\" height=\"151\" sizes=\"auto, (max-width: 151px) 100vw, 151px\"><\/div>\n\t<\/div><\/figure>\n\n<\/div>\n<\/div><h1 class=\"bde-heading-884-106 bde-heading\">\nCh\u00ednh s\u00e1ch b\u1ea3o v\u1ec7 tr\u1ebb em\n<\/h1><div class=\"bde-rich-text-884-129 bde-rich-text breakdance-rich-text-styles\">\n<p>T\u1ea1i Diglo Teach, ch\u00fang t\u00f4i cam k\u1ebft cung c\u1ea5p m\u1ed9t m\u00f4i tr\u01b0\u1eddng h\u1ecdc t\u1eadp an to\u00e0n v\u00e0 \u0111\u1ea3m b\u1ea3o cho t\u1ea5t c\u1ea3 h\u1ecdc sinh, \u0111\u1eb7c bi\u1ec7t l\u00e0 tr\u1ebb em. Ch\u00fang t\u00f4i nh\u1eadn ra t\u1ea7m quan tr\u1ecdng c\u1ee7a vi\u1ec7c b\u1ea3o v\u1ec7 s\u1ee9c kh\u1ecfe v\u00e0 quy\u1ec1n l\u1ee3i c\u1ee7a h\u1ecd. Ch\u00ednh s\u00e1ch b\u1ea3o v\u1ec7 tr\u1ebb em n\u00e0y ph\u00e1c th\u1ea3o cam k\u1ebft c\u1ee7a ch\u00fang t\u00f4i trong vi\u1ec7c \u0111\u1ea3m b\u1ea3o an to\u00e0n v\u00e0 ph\u00fac l\u1ee3i cho tr\u1ebb em trong n\u1ec1n t\u1ea3ng c\u1ee7a ch\u00fang t\u00f4i.<\/p><p>1. Nguy\u00ean t\u1eafc B\u1ea3o v\u1ec7 Tr\u1ebb em:<\/p><p>   M\u1ed9t. Ch\u00fang t\u00f4i \u01b0u ti\u00ean l\u1ee3i \u00edch t\u1ed1t nh\u1ea5t c\u1ee7a tr\u1ebb trong t\u1ea5t c\u1ea3 c\u00e1c ho\u1ea1t \u0111\u1ed9ng v\u00e0 quy tr\u00ecnh ra quy\u1ebft \u0111\u1ecbnh c\u1ee7a ch\u00fang t\u00f4i.<\/p><p>   b. Ch\u00fang t\u00f4i c\u1ed1 g\u1eafng t\u1ea1o ra m\u1ed9t m\u00f4i tr\u01b0\u1eddng h\u1ed7 tr\u1ee3 v\u00e0 t\u00f4n tr\u1ecdng nh\u1eb1m th\u00fac \u0111\u1ea9y s\u1ee9c kh\u1ecfe th\u1ec3 ch\u1ea5t, c\u1ea3m x\u00fac v\u00e0 t\u00e2m l\u00fd c\u1ee7a tr\u1ebb em.<\/p><p>   c. Ch\u00fang t\u00f4i b\u1ea3o v\u1ec7 c\u00e1c quy\u1ec1n c\u1ee7a tr\u1ebb em, bao g\u1ed3m quy\u1ec1n \u0111\u01b0\u1ee3c \u0111\u1ed1i x\u1eed m\u1ed9t c\u00e1ch \u0111\u00e0ng ho\u00e0ng, t\u00f4n tr\u1ecdng v\u00e0 b\u00ecnh \u0111\u1eb3ng.<\/p><p>2. Tuy\u1ec3n d\u1ee5ng v\u00e0 \u0110\u00e0o t\u1ea1o:<\/p><p>   M\u1ed9t. T\u1ea5t c\u1ea3 gi\u00e1o vi\u00ean c\u1ee7a ch\u00fang t\u00f4i \u0111\u1ec1u tr\u1ea3i qua qu\u00e1 tr\u00ecnh s\u00e0ng l\u1ecdc k\u1ef9 l\u01b0\u1ee1ng \u0111\u1ec3 \u0111\u1ea3m b\u1ea3o h\u1ecd ph\u00f9 h\u1ee3p v\u00e0 cam k\u1ebft b\u1ea3o v\u1ec7 tr\u1ebb em.<\/p><p>   b. Ch\u00fang t\u00f4i cung c\u1ea5p \u0111\u00e0o t\u1ea1o to\u00e0n di\u1ec7n cho \u0111\u1ed9i ng\u0169 gi\u00e1o vi\u00ean c\u1ee7a m\u00ecnh \u0111\u1ec3 gi\u1ea3i quy\u1ebft c\u00e1c v\u1ea5n \u0111\u1ec1 b\u1ea3o v\u1ec7 tr\u1ebb em, bao g\u1ed3m nh\u1eadn bi\u1ebft c\u00e1c d\u1ea5u hi\u1ec7u l\u1ea1m d\u1ee5ng, h\u00e0nh vi ph\u00f9 h\u1ee3p v\u00e0 duy tr\u00ec ranh gi\u1edbi ngh\u1ec1 nghi\u1ec7p.<\/p><p>3. Quy t\u1eafc \u1ee9ng x\u1eed:<\/p><p>   M\u1ed9t. C\u00e1c gi\u00e1o vi\u00ean c\u1ee7a ch\u00fang t\u00f4i tu\u00e2n th\u1ee7 m\u1ed9t quy t\u1eafc \u1ee9ng x\u1eed nghi\u00eam ng\u1eb7t nghi\u00eam c\u1ea5m m\u1ecdi h\u00ecnh th\u1ee9c l\u1ea1m d\u1ee5ng, b\u00f3c l\u1ed9t ho\u1eb7c qu\u1ea5y r\u1ed1i tr\u1ebb em.<\/p><p>   b. Ch\u00fang t\u00f4i duy tr\u00ec c\u00e1c h\u01b0\u1edbng d\u1eabn r\u00f5 r\u00e0ng v\u1ec1 c\u00e1c t\u01b0\u01a1ng t\u00e1c v\u00e0 giao ti\u1ebfp tr\u1ef1c tuy\u1ebfn ph\u00f9 h\u1ee3p gi\u1eefa gi\u00e1o vi\u00ean v\u00e0 h\u1ecdc sinh.<\/p><p>4. B\u00e1o c\u00e1o v\u00e0 Ph\u1ea3n h\u1ed3i:<\/p><p>   M\u1ed9t. Ch\u00fang t\u00f4i khuy\u1ebfn kh\u00edch giao ti\u1ebfp c\u1edfi m\u1edf v\u00e0 cung c\u1ea5p c\u00e1c k\u00eanh \u0111\u1ec3 h\u1ecdc sinh v\u00e0 ph\u1ee5 huynh\/ng\u01b0\u1eddi gi\u00e1m h\u1ed9 c\u1ee7a c\u00e1c em b\u00e1o c\u00e1o b\u1ea5t k\u1ef3 m\u1ed1i lo ng\u1ea1i ho\u1eb7c s\u1ef1 c\u1ed1 n\u00e0o li\u00ean quan \u0111\u1ebfn b\u1ea3o v\u1ec7 tr\u1ebb em.<\/p><p>   b. T\u1ea5t c\u1ea3 c\u00e1c b\u00e1o c\u00e1o v\u1ec1 nghi ng\u1edd l\u1ea1m d\u1ee5ng, h\u00e0nh vi sai tr\u00e1i ho\u1eb7c h\u00e0nh vi kh\u00f4ng ph\u00f9 h\u1ee3p s\u1ebd \u0111\u01b0\u1ee3c xem x\u00e9t nghi\u00eam t\u00fac v\u00e0 gi\u1ea3i quy\u1ebft k\u1ecbp th\u1eddi.<\/p><p>   c. Ch\u00fang t\u00f4i h\u1ee3p t\u00e1c \u0111\u1ea7y \u0111\u1ee7 v\u1edbi c\u00e1c c\u01a1 quan h\u1eefu quan v\u00e0 c\u00e1c c\u01a1 quan ch\u1ecbu tr\u00e1ch nhi\u1ec7m b\u1ea3o v\u1ec7 tr\u1ebb em theo y\u00eau c\u1ea7u c\u1ee7a ph\u00e1p lu\u1eadt.<\/p><p>5. Quy\u1ec1n ri\u00eang t\u01b0 v\u00e0 b\u1ea3o m\u1eadt d\u1eef li\u1ec7u:<\/p><p>   M\u1ed9t. Ch\u00fang t\u00f4i duy tr\u00ec c\u00e1c bi\u1ec7n ph\u00e1p b\u1ea3o m\u1eadt v\u00e0 quy\u1ec1n ri\u00eang t\u01b0 d\u1eef li\u1ec7u m\u1ea1nh m\u1ebd \u0111\u1ec3 b\u1ea3o v\u1ec7 th\u00f4ng tin c\u00e1 nh\u00e2n c\u1ee7a h\u1ecdc sinh, \u0111\u1ea3m b\u1ea3o tu\u00e2n th\u1ee7 lu\u1eadt b\u1ea3o v\u1ec7 d\u1eef li\u1ec7u hi\u1ec7n h\u00e0nh.<\/p><p>   b. Ch\u00fang t\u00f4i ch\u1ec9 thu th\u1eadp v\u00e0 x\u1eed l\u00fd d\u1eef li\u1ec7u c\u00e1 nh\u00e2n c\u1ea7n thi\u1ebft cho vi\u1ec7c cung c\u1ea5p d\u1ecbch v\u1ee5 c\u1ee7a m\u00ecnh v\u00e0 ch\u00fang t\u00f4i x\u1eed l\u00fd d\u1eef li\u1ec7u \u0111\u00f3 v\u1edbi s\u1ef1 b\u1ea3o m\u1eadt v\u00e0 c\u1ea9n th\u1eadn t\u1ed1i \u0111a.<\/p><p>6. C\u1ea3i ti\u1ebfn li\u00ean t\u1ee5c:<\/p><p>   M\u1ed9t. Ch\u00fang t\u00f4i th\u01b0\u1eddng xuy\u00ean xem x\u00e9t v\u00e0 n\u00e2ng cao c\u00e1c ch\u00ednh s\u00e1ch v\u00e0 quy tr\u00ecnh b\u1ea3o v\u1ec7 tr\u1ebb em c\u1ee7a m\u00ecnh \u0111\u1ec3 ph\u00f9 h\u1ee3p v\u1edbi c\u00e1c ph\u01b0\u01a1ng ph\u00e1p hay nh\u1ea5t v\u00e0 c\u00e1c ti\u00eau chu\u1ea9n \u0111ang ph\u00e1t tri\u1ec3n.<\/p><p>   b. Ch\u00fang t\u00f4i hoan ngh\u00eanh ph\u1ea3n h\u1ed3i t\u1eeb h\u1ecdc sinh, ph\u1ee5 huynh\/ng\u01b0\u1eddi gi\u00e1m h\u1ed9 v\u00e0 c\u00e1c b\u00ean li\u00ean quan \u0111\u1ec3 gi\u00fap ch\u00fang t\u00f4i li\u00ean t\u1ee5c c\u1ea3i thi\u1ec7n c\u00e1c bi\u1ec7n ph\u00e1p b\u1ea3o v\u1ec7 tr\u1ebb em c\u1ee7a m\u00ecnh.<\/p><p>T\u1ea1i Diglo Teach, ch\u00fang t\u00f4i cam k\u1ebft duy tr\u00ec c\u00e1c ti\u00eau chu\u1ea9n cao nh\u1ea5t v\u1ec1 b\u1ea3o v\u1ec7 tr\u1ebb em. Ch\u00fang t\u00f4i tin r\u1eb1ng m\u1ecdi tr\u1ebb em \u0111\u1ec1u x\u1ee9ng \u0111\u00e1ng c\u00f3 m\u1ed9t m\u00f4i tr\u01b0\u1eddng h\u1ecdc t\u1eadp an to\u00e0n v\u00e0 nu\u00f4i d\u01b0\u1ee1ng. B\u1eb1ng c\u00e1ch th\u1ef1c hi\u1ec7n Ch\u00ednh s\u00e1ch B\u1ea3o v\u1ec7 Tr\u1ebb em n\u00e0y, ch\u00fang t\u00f4i mong mu\u1ed1n \u0111\u1ea3m b\u1ea3o s\u1ee9c kh\u1ecfe v\u00e0 s\u1ef1 an to\u00e0n c\u1ee7a t\u1ea5t c\u1ea3 h\u1ecdc sinh.<\/p><p>\u0110\u1ed1i v\u1edbi b\u1ea5t k\u1ef3 c\u00e2u h\u1ecfi, th\u1eafc m\u1eafc ho\u1eb7c b\u00e1o c\u00e1o b\u1ea5t k\u1ef3 v\u1ea5n \u0111\u1ec1 n\u00e0o li\u00ean quan \u0111\u1ebfn b\u1ea3o v\u1ec7 tr\u1ebb em, vui l\u00f2ng li\u00ean h\u1ec7 v\u1edbi nh\u00e2n vi\u00ean b\u1ea3o v\u1ec7 tr\u1ebb em \u0111\u01b0\u1ee3c ch\u1ec9 \u0111\u1ecbnh c\u1ee7a ch\u00fang t\u00f4i t\u1ea1i <a href=\"mailto:contact@digloteach.com\">contact@digloteach.com<\/a><\/p><p>Ng\u00e0y h\u1ee3p \u0111\u1ed3ng: 30\/06\/2023<br>\u0110\u00e1nh gi\u00e1 l\u1ea7n cu\u1ed1i: 30\/06\/2023<br>Ng\u00e0y \u0111\u00e1nh gi\u00e1 ti\u1ebfp theo: 12\/01\/2023<\/p><p><\/p>\n<\/div><\/div>\n<\/section><\/div>","protected":false},"excerpt":{"rendered":"<p>Child Protection Policy At Diglo Teach, we are committed to providing a safe and secure learning environment for all our students, especially children. We recognize the importance of safeguarding their well-being and protecting their rights. This Child Protection Policy outlines our commitment to ensuring the safety and welfare of children within our platform.1. Child Safeguarding [&hellip;]<\/p>\n","protected":false},"author":2,"featured_media":0,"parent":0,"menu_order":0,"comment_status":"closed","ping_status":"closed","template":"","meta":{"_acf_changed":false,"_breakdance_hide_in_design_set":false,"_breakdance_tags":"","footnotes":""},"class_list":["post-884","page","type-page","status-publish","hentry"],"acf":[],"yoast_head":"<!-- This site is optimized with the Yoast SEO plugin v26.9 - https:\/\/yoast.com\/product\/yoast-seo-wordpress\/ -->\n<title>Child Protection Policy - Diglo Teach<\/title>\n<meta name=\"robots\" content=\"index, follow, max-snippet:-1, max-image-preview:large, max-video-preview:-1\" \/>\n<link rel=\"canonical\" href=\"https:\/\/digloteach.com\/vi\/chinh-sach-bao-ve-tre-em\/\" \/>\n<meta property=\"og:locale\" content=\"vi_VN\" \/>\n<meta property=\"og:type\" content=\"article\" \/>\n<meta property=\"og:title\" content=\"Child Protection Policy - Diglo Teach\" \/>\n<meta property=\"og:description\" content=\"Child Protection Policy At Diglo Teach, we are committed to providing a safe and secure learning environment for all our students, especially children. We recognize the importance of safeguarding their well-being and protecting their rights. This Child Protection Policy outlines our commitment to ensuring the safety and welfare of children within our platform.1. Child Safeguarding [&hellip;]\" \/>\n<meta property=\"og:url\" content=\"https:\/\/digloteach.com\/vi\/chinh-sach-bao-ve-tre-em\/\" \/>\n<meta property=\"og:site_name\" content=\"Diglo Teach\" \/>\n<meta property=\"article:publisher\" content=\"https:\/\/www.facebook.com\/profile.php?id=100092937623862\" \/>\n<meta property=\"article:modified_time\" content=\"2023-07-06T05:21:26+00:00\" \/>\n<meta name=\"twitter:card\" content=\"summary_large_image\" \/>\n<script type=\"application\/ld+json\" class=\"yoast-schema-graph\">{\"@context\":\"https:\/\/schema.org\",\"@graph\":[{\"@type\":\"WebPage\",\"@id\":\"https:\/\/digloteach.com\/child-protection-policy\/\",\"url\":\"https:\/\/digloteach.com\/child-protection-policy\/\",\"name\":\"Child Protection Policy - Diglo Teach\",\"isPartOf\":{\"@id\":\"https:\/\/digloteach.com\/#website\"},\"datePublished\":\"2023-07-06T05:15:34+00:00\",\"dateModified\":\"2023-07-06T05:21:26+00:00\",\"breadcrumb\":{\"@id\":\"https:\/\/digloteach.com\/child-protection-policy\/#breadcrumb\"},\"inLanguage\":\"vi\",\"potentialAction\":[{\"@type\":\"ReadAction\",\"target\":[\"https:\/\/digloteach.com\/child-protection-policy\/\"]}]},{\"@type\":\"BreadcrumbList\",\"@id\":\"https:\/\/digloteach.com\/child-protection-policy\/#breadcrumb\",\"itemListElement\":[{\"@type\":\"ListItem\",\"position\":1,\"name\":\"Home\",\"item\":\"https:\/\/digloteach.com\/\"},{\"@type\":\"ListItem\",\"position\":2,\"name\":\"Child Protection Policy\"}]},{\"@type\":\"WebSite\",\"@id\":\"https:\/\/digloteach.com\/#website\",\"url\":\"https:\/\/digloteach.com\/\",\"name\":\"Diglo Teach\",\"description\":\"Where Learning Meets Adventure\",\"publisher\":{\"@id\":\"https:\/\/digloteach.com\/#organization\"},\"potentialAction\":[{\"@type\":\"SearchAction\",\"target\":{\"@type\":\"EntryPoint\",\"urlTemplate\":\"https:\/\/digloteach.com\/?s={search_term_string}\"},\"query-input\":{\"@type\":\"PropertyValueSpecification\",\"valueRequired\":true,\"valueName\":\"search_term_string\"}}],\"inLanguage\":\"vi\"},{\"@type\":\"Organization\",\"@id\":\"https:\/\/digloteach.com\/#organization\",\"name\":\"Diglo Teach\",\"url\":\"https:\/\/digloteach.com\/\",\"logo\":{\"@type\":\"ImageObject\",\"inLanguage\":\"vi\",\"@id\":\"https:\/\/digloteach.com\/#\/schema\/logo\/image\/\",\"url\":\"https:\/\/digloteach.com\/wp-content\/uploads\/2023\/06\/diglo_logo.png\",\"contentUrl\":\"https:\/\/digloteach.com\/wp-content\/uploads\/2023\/06\/diglo_logo.png\",\"width\":343,\"height\":157,\"caption\":\"Diglo Teach\"},\"image\":{\"@id\":\"https:\/\/digloteach.com\/#\/schema\/logo\/image\/\"},\"sameAs\":[\"https:\/\/www.facebook.com\/profile.php?id=100092937623862\",\"https:\/\/www.instagram.com\/digloteach\/\",\"https:\/\/www.tiktok.com\/@digloteach\"]}]}<\/script>\n<!-- \/ Yoast SEO plugin. -->","yoast_head_json":{"title":"Ch\u00ednh S\u00e1ch B\u1ea3o V\u1ec7 Tr\u1ebb Em - Diglo Teach","robots":{"index":"index","follow":"follow","max-snippet":"max-snippet:-1","max-image-preview":"max-image-preview:large","max-video-preview":"max-video-preview:-1"},"canonical":"https:\/\/digloteach.com\/vi\/chinh-sach-bao-ve-tre-em\/","og_locale":"vi_VN","og_type":"article","og_title":"Child Protection Policy - Diglo Teach","og_description":"Child Protection Policy At Diglo Teach, we are committed to providing a safe and secure learning environment for all our students, especially children. We recognize the importance of safeguarding their well-being and protecting their rights. This Child Protection Policy outlines our commitment to ensuring the safety and welfare of children within our platform.1. Child Safeguarding [&hellip;]","og_url":"https:\/\/digloteach.com\/vi\/chinh-sach-bao-ve-tre-em\/","og_site_name":"Diglo Teach","article_publisher":"https:\/\/www.facebook.com\/profile.php?id=100092937623862","article_modified_time":"2023-07-06T05:21:26+00:00","twitter_card":"summary_large_image","schema":{"@context":"https:\/\/schema.org","@graph":[{"@type":"WebPage","@id":"https:\/\/digloteach.com\/child-protection-policy\/","url":"https:\/\/digloteach.com\/child-protection-policy\/","name":"Ch\u00ednh S\u00e1ch B\u1ea3o V\u1ec7 Tr\u1ebb Em - Diglo Teach","isPartOf":{"@id":"https:\/\/digloteach.com\/#website"},"datePublished":"2023-07-06T05:15:34+00:00","dateModified":"2023-07-06T05:21:26+00:00","breadcrumb":{"@id":"https:\/\/digloteach.com\/child-protection-policy\/#breadcrumb"},"inLanguage":"vi","potentialAction":[{"@type":"ReadAction","target":["https:\/\/digloteach.com\/child-protection-policy\/"]}]},{"@type":"BreadcrumbList","@id":"https:\/\/digloteach.com\/child-protection-policy\/#breadcrumb","itemListElement":[{"@type":"ListItem","position":1,"name":"Home","item":"https:\/\/digloteach.com\/"},{"@type":"ListItem","position":2,"name":"Child Protection Policy"}]},{"@type":"WebSite","@id":"https:\/\/digloteach.com\/#website","url":"https:\/\/digloteach.com\/","name":"\u0110\u00e0o t\u1ea1o Diglo","description":"N\u01a1i h\u1ecdc t\u1eadp \u0111\u00e1p \u1ee9ng cu\u1ed9c phi\u00eau l\u01b0u","publisher":{"@id":"https:\/\/digloteach.com\/#organization"},"potentialAction":[{"@type":"SearchAction","target":{"@type":"EntryPoint","urlTemplate":"https:\/\/digloteach.com\/?s={search_term_string}"},"query-input":{"@type":"PropertyValueSpecification","valueRequired":true,"valueName":"search_term_string"}}],"inLanguage":"vi"},{"@type":"Organization","@id":"https:\/\/digloteach.com\/#organization","name":"\u0110\u00e0o t\u1ea1o Diglo","url":"https:\/\/digloteach.com\/","logo":{"@type":"ImageObject","inLanguage":"vi","@id":"https:\/\/digloteach.com\/#\/schema\/logo\/image\/","url":"https:\/\/digloteach.com\/wp-content\/uploads\/2023\/06\/diglo_logo.png","contentUrl":"https:\/\/digloteach.com\/wp-content\/uploads\/2023\/06\/diglo_logo.png","width":343,"height":157,"caption":"Diglo Teach"},"image":{"@id":"https:\/\/digloteach.com\/#\/schema\/logo\/image\/"},"sameAs":["https:\/\/www.facebook.com\/profile.php?id=100092937623862","https:\/\/www.instagram.com\/digloteach\/","https:\/\/www.tiktok.com\/@digloteach"]}]}},"_links":{"self":[{"href":"https:\/\/digloteach.com\/vi\/wp-json\/wp\/v2\/pages\/884","targetHints":{"allow":["GET"]}}],"collection":[{"href":"https:\/\/digloteach.com\/vi\/wp-json\/wp\/v2\/pages"}],"about":[{"href":"https:\/\/digloteach.com\/vi\/wp-json\/wp\/v2\/types\/page"}],"author":[{"embeddable":true,"href":"https:\/\/digloteach.com\/vi\/wp-json\/wp\/v2\/users\/2"}],"replies":[{"embeddable":true,"href":"https:\/\/digloteach.com\/vi\/wp-json\/wp\/v2\/comments?post=884"}],"version-history":[{"count":2,"href":"https:\/\/digloteach.com\/vi\/wp-json\/wp\/v2\/pages\/884\/revisions"}],"predecessor-version":[{"id":889,"href":"https:\/\/digloteach.com\/vi\/wp-json\/wp\/v2\/pages\/884\/revisions\/889"}],"wp:attachment":[{"href":"https:\/\/digloteach.com\/vi\/wp-json\/wp\/v2\/media?parent=884"}],"curies":[{"name":"wp","href":"https:\/\/api.w.org\/{rel}","templated":true}]}}